{"id":426,"date":"2021-01-13T08:19:39","date_gmt":"2021-01-13T08:19:39","guid":{"rendered":"https:\/\/klbtheme.com\/chakta\/?page_id=426"},"modified":"2023-09-27T22:11:54","modified_gmt":"2023-09-27T20:11:54","slug":"about","status":"publish","type":"page","link":"https:\/\/www.superkolesa.sk\/index.php\/about\/","title":{"rendered":"About"},"content":{"rendered":"\t\t<div data-elementor-type=\"wp-page\" data-elementor-id=\"426\" class=\"elementor elementor-426\">\n\t\t\t\t\t\t<section class=\"elementor-section elementor-top-section elementor-element elementor-element-b68ec78 elementor-section-boxed elementor-section-height-default elementor-section-height-default\" data-id=\"b68ec78\" data-element_type=\"section\">\n\t\t\t\t\t\t<div class=\"elementor-container elementor-column-gap-extended\">\n\t\t\t\t\t<div class=\"elementor-column elementor-col-50 elementor-top-column elementor-element elementor-element-288b450\" data-id=\"288b450\" data-element_type=\"column\">\n\t\t\t<div class=\"elementor-widget-wrap elementor-element-populated\">\n\t\t\t\t\t\t<div class=\"elementor-element elementor-element-066b906 elementor-widget elementor-widget-image\" data-id=\"066b906\" data-element_type=\"widget\" data-widget_type=\"image.default\">\n\t\t\t\t<div class=\"elementor-widget-container\">\n\t\t\t<style>\/*! elementor - v3.22.0 - 26-06-2024 *\/\n.elementor-widget-image{text-align:center}.elementor-widget-image a{display:inline-block}.elementor-widget-image a img[src$=\".svg\"]{width:48px}.elementor-widget-image img{vertical-align:middle;display:inline-block}<\/style>\t\t\t\t\t\t\t\t\t\t<img fetchpriority=\"high\" decoding=\"async\" width=\"960\" height=\"720\" src=\"https:\/\/www.superkolesa.sk\/wp-content\/uploads\/2023\/09\/IMG_2468-1-1024x768.jpeg\" class=\"attachment-large size-large wp-image-1732\" alt=\"\" srcset=\"https:\/\/www.superkolesa.sk\/wp-content\/uploads\/2023\/09\/IMG_2468-1-1024x768.jpeg 1024w, https:\/\/www.superkolesa.sk\/wp-content\/uploads\/2023\/09\/IMG_2468-1-300x225.jpeg 300w, https:\/\/www.superkolesa.sk\/wp-content\/uploads\/2023\/09\/IMG_2468-1-768x576.jpeg 768w, https:\/\/www.superkolesa.sk\/wp-content\/uploads\/2023\/09\/IMG_2468-1-1536x1152.jpeg 1536w, https:\/\/www.superkolesa.sk\/wp-content\/uploads\/2023\/09\/IMG_2468-1-2048x1536.jpeg 2048w, https:\/\/www.superkolesa.sk\/wp-content\/uploads\/2023\/09\/IMG_2468-1-600x450.jpeg 600w, https:\/\/www.superkolesa.sk\/wp-content\/uploads\/2023\/09\/IMG_2468-1-72x54.jpeg 72w\" sizes=\"(max-width: 960px) 100vw, 960px\" \/>\t\t\t\t\t\t\t\t\t\t\t\t\t<\/div>\n\t\t\t\t<\/div>\n\t\t\t\t\t<\/div>\n\t\t<\/div>\n\t\t\t\t<div class=\"elementor-column elementor-col-50 elementor-top-column elementor-element elementor-element-cf0482a\" data-id=\"cf0482a\" data-element_type=\"column\">\n\t\t\t<div class=\"elementor-widget-wrap elementor-element-populated\">\n\t\t\t\t\t\t<div class=\"elementor-element elementor-element-7c7b0ac elementor-widget elementor-widget-chakta-block-list\" data-id=\"7c7b0ac\" data-element_type=\"widget\" data-widget_type=\"chakta-block-list.default\">\n\t\t\t\t<div class=\"elementor-widget-container\">\n\t\t\t<div class=\"klb-block-list about-content-box\"><div class=\"section-title\"><span class=\"span\">O n\u00e1s<\/span><h2><\/h2><\/div><p>Je pravda, \u017ee prv\u00fd dojem je \u010dasto nezamenite\u013en\u00fd a v\u00fdznamn\u00fd. To ist\u00e9 plat\u00ed aj pre aut\u00e1, a jedn\u00fdm z d\u00f4le\u017eit\u00fdch estetick\u00fdch aspektov automobilov s\u00fa pr\u00e1ve koles\u00e1. \n\nKoles\u00e1 m\u00f4\u017eu v\u00fdrazne ovplyvni\u0165 celkov\u00fd vzh\u013ead vozidla a dod\u00e1va\u0165 mu osobit\u00fd charakter. S\u00fa vidite\u013enou \u010das\u0165ou automobilu a m\u00f4\u017eu okam\u017eite up\u00fata\u0165 pozornos\u0165. Kr\u00e1sne koles\u00e1 m\u00f4\u017eu prida\u0165 vozidlu \u0161t\u00fdl a atrakt\u00edvnos\u0165.\nV\u00fdberom jedine\u010dn\u00fdch kolies m\u00f4\u017eete vyjadri\u0165 svoju osobn\u00fa chu\u0165 a \u0161t\u00fdl.\nPreto sa invest\u00edcia do nich st\u00e1le oplat\u00ed. \n\nKo\u013eko to ale stoj\u00ed?\n\nK\u00fapa nov\u00fdch diskov z autosal\u00f3nu m\u00f4\u017ee by\u0165 finan\u010dne za\u0165a\u017euj\u00faca no pr\u00e1ve preto sme tu my. \nPon\u00fakame v\u00e1m lep\u0161iu alternat\u00edvu a to origin\u00e1lne jazden\u00e9 koles\u00e1 za podstatne ni\u017e\u0161iu cenu, ktor\u00e9 sp\u013a\u0148aj\u00fa po technickej aj vzh\u013eadovej str\u00e1nke v\u0161etky podmienky na bezpe\u010dn\u00e9, kvalitn\u00e9 a komfortn\u00e9 jazdenie. \n\nS vyu\u017eit\u00edm jazden\u00fdch kolies je taktie\u017e spojen\u00e1 aj ochrana \u017eivotn\u00e9ho prostredia, kedy nie je potrebn\u00e9 znovu vyu\u017e\u00edva\u0165 nov\u00fd v\u00fdrobok.\n\nS rados\u0165ou v\u00e1m pom\u00f4\u017eeme vybra\u0165 tie prav\u00e9 koles\u00e1 a zaru\u010d\u00edme maxim\u00e1lnu spokojnos\u0165 n\u00e1\u0161ho z\u00e1kaznika.<\/p><ul class=\"list\"><li><\/li><\/ul><\/div>\t\t<\/div>\n\t\t\t\t<\/div>\n\t\t\t\t\t<\/div>\n\t\t<\/div>\n\t\t\t\t\t<\/div>\n\t\t<\/section>\n\t\t\t\t<\/div>\n\t\t","protected":false},"excerpt":{"rendered":"<p>O n\u00e1s Je pravda, \u017ee prv\u00fd dojem je \u010dasto nezamenite\u013en\u00fd a v\u00fdznamn\u00fd. To ist\u00e9 plat\u00ed aj pre aut\u00e1, a jedn\u00fdm z d\u00f4le\u017eit\u00fdch estetick\u00fdch aspektov automobilov s\u00fa pr\u00e1ve koles\u00e1. Koles\u00e1 m\u00f4\u017eu v\u00fdrazne ovplyvni\u0165 celkov\u00fd vzh\u013ead vozidla a dod\u00e1va\u0165 mu osobit\u00fd charakter. S\u00fa vidite\u013enou \u010das\u0165ou automobilu a m\u00f4\u017eu okam\u017eite up\u00fata\u0165 pozornos\u0165. Kr\u00e1sne koles\u00e1 m\u00f4\u017eu prida\u0165 vozidlu \u0161t\u00fdl<\/p>\n<div class=\"klb-readmore\"><a class=\"main-btn\" href=\"https:\/\/www.superkolesa.sk\/index.php\/about\/\">Read More<\/a><\/div>\n","protected":false},"author":1,"featured_media":0,"parent":0,"menu_order":0,"comment_status":"closed","ping_status":"closed","template":"","meta":{"footnotes":""},"class_list":["post-426","page","type-page","status-publish","hentry"],"_links":{"self":[{"href":"https:\/\/www.superkolesa.sk\/index.php\/wp-json\/wp\/v2\/pages\/426","targetHints":{"allow":["GET"]}}],"collection":[{"href":"https:\/\/www.superkolesa.sk\/index.php\/wp-json\/wp\/v2\/pages"}],"about":[{"href":"https:\/\/www.superkolesa.sk\/index.php\/wp-json\/wp\/v2\/types\/page"}],"author":[{"embeddable":true,"href":"https:\/\/www.superkolesa.sk\/index.php\/wp-json\/wp\/v2\/users\/1"}],"replies":[{"embeddable":true,"href":"https:\/\/www.superkolesa.sk\/index.php\/wp-json\/wp\/v2\/comments?post=426"}],"version-history":[{"count":7,"href":"https:\/\/www.superkolesa.sk\/index.php\/wp-json\/wp\/v2\/pages\/426\/revisions"}],"predecessor-version":[{"id":1735,"href":"https:\/\/www.superkolesa.sk\/index.php\/wp-json\/wp\/v2\/pages\/426\/revisions\/1735"}],"wp:attachment":[{"href":"https:\/\/www.superkolesa.sk\/index.php\/wp-json\/wp\/v2\/media?parent=426"}],"curies":[{"name":"wp","href":"https:\/\/api.w.org\/{rel}","templated":true}]}}