{"id":1086,"date":"2023-08-30T19:48:42","date_gmt":"2023-08-30T17:48:42","guid":{"rendered":"https:\/\/www.superkolesa.sk\/?post_type=product&#038;p=1086"},"modified":"2023-09-28T10:40:43","modified_gmt":"2023-09-28T08:40:43","slug":"audi-orig-q3-5x112-8j-x19-et-36-255-40-r19","status":"publish","type":"product","link":"https:\/\/www.superkolesa.sk\/index.php\/product\/audi-orig-q3-5x112-8j-x19-et-36-255-40-r19\/","title":{"rendered":"AUDi orig. Q3 5&#215;112 8j x19 ET 36 255 40 R19"},"content":{"rendered":"","protected":false},"excerpt":{"rendered":"<p>AUDi orig. Q3 5&#215;112 8j x19 ET 36 255 40 R19<br \/>\n4x 6,5 mm letn\u00e9<br \/>\nKr\u00e1sny model kolies auto na nich \u00faplne in\u00e1\u010d vyzer\u00e1 &#8211; kr\u00e1sne ho roz\u0161\u00edri tak ako m\u00e1 by\u0165<br \/>\nvhodn\u00e9 pre Skoda KODIAQ<br \/>\nSEAT TARRACO<br \/>\nAUDI Q3<br \/>\nmo\u017enos\u0165 aj posla\u0165 na dobierku cena za kuri\u00e9ra + 50\u20ac<\/p>\n","protected":false},"featured_media":1095,"comment_status":"open","ping_status":"closed","template":"","meta":[],"product_cat":[15],"product_tag":[],"class_list":{"0":"post-1086","1":"product","2":"type-product","3":"status-publish","4":"has-post-thumbnail","6":"product_cat-uncategorized","8":"first","9":"instock","10":"shipping-taxable","11":"purchasable","12":"product-type-simple"},"_links":{"self":[{"href":"https:\/\/www.superkolesa.sk\/index.php\/wp-json\/wp\/v2\/product\/1086","targetHints":{"allow":["GET"]}}],"collection":[{"href":"https:\/\/www.superkolesa.sk\/index.php\/wp-json\/wp\/v2\/product"}],"about":[{"href":"https:\/\/www.superkolesa.sk\/index.php\/wp-json\/wp\/v2\/types\/product"}],"replies":[{"embeddable":true,"href":"https:\/\/www.superkolesa.sk\/index.php\/wp-json\/wp\/v2\/comments?post=1086"}],"wp:featuredmedia":[{"embeddable":true,"href":"https:\/\/www.superkolesa.sk\/index.php\/wp-json\/wp\/v2\/media\/1095"}],"wp:attachment":[{"href":"https:\/\/www.superkolesa.sk\/index.php\/wp-json\/wp\/v2\/media?parent=1086"}],"wp:term":[{"taxonomy":"product_cat","embeddable":true,"href":"https:\/\/www.superkolesa.sk\/index.php\/wp-json\/wp\/v2\/product_cat?post=1086"},{"taxonomy":"product_tag","embeddable":true,"href":"https:\/\/www.superkolesa.sk\/index.php\/wp-json\/wp\/v2\/product_tag?post=1086"}],"curies":[{"name":"wp","href":"https:\/\/api.w.org\/{rel}","templated":true}]}}