{"id":1175,"date":"2023-08-30T20:48:36","date_gmt":"2023-08-30T18:48:36","guid":{"rendered":"https:\/\/www.superkolesa.sk\/?post_type=product&#038;p=1175"},"modified":"2023-09-28T10:44:07","modified_gmt":"2023-09-28T08:44:07","slug":"alu-disky-10jxr20-et-45-245-40-r20-letne-vw-skoda-seat","status":"publish","type":"product","link":"https:\/\/www.superkolesa.sk\/index.php\/product\/alu-disky-10jxr20-et-45-245-40-r20-letne-vw-skoda-seat\/","title":{"rendered":"Alu disky 10jxR20 ET 45 245 40 R20 Letn\u00e9 VW skoda Seat"},"content":{"rendered":"","protected":false},"excerpt":{"rendered":"<p>Pred\u00e1m Alu disky 10jxR20 ET 45 245 40 R20 Letn\u00e9 VW skoda Seat<br \/>\nPneu 235 40 R19 Letn\u00e9 4x 5mm<br \/>\nStredov\u00e1 diera 66,6mm mo\u017enos\u0165 vymedzovacieho kr\u00fa\u017eka na 57,1<br \/>\nvhodn\u00e9 AUDI Q3 Q5 Q7<br \/>\nVW TIGUAN PHAETON PASSAT<br \/>\nSkoda KODIAQ<br \/>\nSeat TARRACO<br \/>\nMercedes<\/p>\n","protected":false},"featured_media":1187,"comment_status":"open","ping_status":"closed","template":"","meta":[],"product_cat":[15],"product_tag":[],"class_list":{"0":"post-1175","1":"product","2":"type-product","3":"status-publish","4":"has-post-thumbnail","6":"product_cat-uncategorized","8":"first","9":"instock","10":"sale","11":"shipping-taxable","12":"purchasable","13":"product-type-simple"},"_links":{"self":[{"href":"https:\/\/www.superkolesa.sk\/index.php\/wp-json\/wp\/v2\/product\/1175","targetHints":{"allow":["GET"]}}],"collection":[{"href":"https:\/\/www.superkolesa.sk\/index.php\/wp-json\/wp\/v2\/product"}],"about":[{"href":"https:\/\/www.superkolesa.sk\/index.php\/wp-json\/wp\/v2\/types\/product"}],"replies":[{"embeddable":true,"href":"https:\/\/www.superkolesa.sk\/index.php\/wp-json\/wp\/v2\/comments?post=1175"}],"wp:featuredmedia":[{"embeddable":true,"href":"https:\/\/www.superkolesa.sk\/index.php\/wp-json\/wp\/v2\/media\/1187"}],"wp:attachment":[{"href":"https:\/\/www.superkolesa.sk\/index.php\/wp-json\/wp\/v2\/media?parent=1175"}],"wp:term":[{"taxonomy":"product_cat","embeddable":true,"href":"https:\/\/www.superkolesa.sk\/index.php\/wp-json\/wp\/v2\/product_cat?post=1175"},{"taxonomy":"product_tag","embeddable":true,"href":"https:\/\/www.superkolesa.sk\/index.php\/wp-json\/wp\/v2\/product_tag?post=1175"}],"curies":[{"name":"wp","href":"https:\/\/api.w.org\/{rel}","templated":true}]}}