{"id":1528,"date":"2023-09-13T10:03:50","date_gmt":"2023-09-13T08:03:50","guid":{"rendered":"https:\/\/www.superkolesa.sk\/?post_type=product&#038;p=1528"},"modified":"2023-09-28T10:49:45","modified_gmt":"2023-09-28T08:49:45","slug":"org-audi-s-line-85jxr19-et-38-245-45-r19","status":"publish","type":"product","link":"https:\/\/www.superkolesa.sk\/index.php\/product\/org-audi-s-line-85jxr19-et-38-245-45-r19\/","title":{"rendered":"Org. AUDI S-line 8,5jxR19 ET 38 245 45 R19"},"content":{"rendered":"","protected":false},"excerpt":{"rendered":"<p>Pred\u00e1m Org. AUDI S-line 8,5jxR19 ET 38<br \/>\n245 45 R19 Mercedes VW<br \/>\n2&#215;6,5mm 2&#215;5,5mm<br \/>\nStredov\u00e1 diera 66,6mm<br \/>\nvhodn\u00e9 BMW X3 X4 X5 nov\u00e9 modely<br \/>\nPasuje aj na<br \/>\nAUDI A4 A6 A7<br \/>\nAudi Q3 Q5 Q7<br \/>\nVW TIGUAN ARTEON PASSAT Touareg<br \/>\n\u0160kodaKODIAQ<br \/>\nSeat TARRACO<br \/>\nMerceds GLC GLE V Klase a in\u00e9<br \/>\nBMW X3 X4<br \/>\nmo\u017enos\u0165 aj posla\u0165 na dobierku.<\/p>\n","protected":false},"featured_media":1530,"comment_status":"open","ping_status":"closed","template":"","meta":[],"product_cat":[15],"product_tag":[],"class_list":{"0":"post-1528","1":"product","2":"type-product","3":"status-publish","4":"has-post-thumbnail","6":"product_cat-uncategorized","8":"first","9":"instock","10":"shipping-taxable","11":"purchasable","12":"product-type-simple"},"_links":{"self":[{"href":"https:\/\/www.superkolesa.sk\/index.php\/wp-json\/wp\/v2\/product\/1528","targetHints":{"allow":["GET"]}}],"collection":[{"href":"https:\/\/www.superkolesa.sk\/index.php\/wp-json\/wp\/v2\/product"}],"about":[{"href":"https:\/\/www.superkolesa.sk\/index.php\/wp-json\/wp\/v2\/types\/product"}],"replies":[{"embeddable":true,"href":"https:\/\/www.superkolesa.sk\/index.php\/wp-json\/wp\/v2\/comments?post=1528"}],"wp:featuredmedia":[{"embeddable":true,"href":"https:\/\/www.superkolesa.sk\/index.php\/wp-json\/wp\/v2\/media\/1530"}],"wp:attachment":[{"href":"https:\/\/www.superkolesa.sk\/index.php\/wp-json\/wp\/v2\/media?parent=1528"}],"wp:term":[{"taxonomy":"product_cat","embeddable":true,"href":"https:\/\/www.superkolesa.sk\/index.php\/wp-json\/wp\/v2\/product_cat?post=1528"},{"taxonomy":"product_tag","embeddable":true,"href":"https:\/\/www.superkolesa.sk\/index.php\/wp-json\/wp\/v2\/product_tag?post=1528"}],"curies":[{"name":"wp","href":"https:\/\/api.w.org\/{rel}","templated":true}]}}