{"id":1579,"date":"2023-09-13T10:53:25","date_gmt":"2023-09-13T08:53:25","guid":{"rendered":"https:\/\/www.superkolesa.sk\/?post_type=product&#038;p=1579"},"modified":"2023-09-30T17:25:07","modified_gmt":"2023-09-30T15:25:07","slug":"alu-disky5x112-skoda-superb-3-vw-passat","status":"publish","type":"product","link":"https:\/\/www.superkolesa.sk\/index.php\/product\/alu-disky5x112-skoda-superb-3-vw-passat\/","title":{"rendered":"Alu disky 5&#215;112 Skoda Superb 3 VW Passat"},"content":{"rendered":"","protected":false},"excerpt":{"rendered":"<p>Alu disky 5&#215;112 Skoda Superb 3 VW Passat B7<br \/>\n7,5Jx R17 ET 38<br \/>\nPneu 215 55 R17 Zimn\u00e9 alebo letn\u00e9 4x 7,5-7mm<br \/>\nMo\u017enos\u0165 posla\u0165 dobierkou.<br \/>\ncena za kuriera +40\u20ac<\/p>\n","protected":false},"featured_media":1583,"comment_status":"open","ping_status":"closed","template":"","meta":[],"product_cat":[61,54,52,53],"product_tag":[],"class_list":{"0":"post-1579","1":"product","2":"type-product","3":"status-publish","4":"has-post-thumbnail","6":"product_cat-61","7":"product_cat-seat","8":"product_cat-skoda","9":"product_cat-vw","11":"first","12":"instock","13":"shipping-taxable","14":"purchasable","15":"product-type-simple"},"_links":{"self":[{"href":"https:\/\/www.superkolesa.sk\/index.php\/wp-json\/wp\/v2\/product\/1579","targetHints":{"allow":["GET"]}}],"collection":[{"href":"https:\/\/www.superkolesa.sk\/index.php\/wp-json\/wp\/v2\/product"}],"about":[{"href":"https:\/\/www.superkolesa.sk\/index.php\/wp-json\/wp\/v2\/types\/product"}],"replies":[{"embeddable":true,"href":"https:\/\/www.superkolesa.sk\/index.php\/wp-json\/wp\/v2\/comments?post=1579"}],"wp:featuredmedia":[{"embeddable":true,"href":"https:\/\/www.superkolesa.sk\/index.php\/wp-json\/wp\/v2\/media\/1583"}],"wp:attachment":[{"href":"https:\/\/www.superkolesa.sk\/index.php\/wp-json\/wp\/v2\/media?parent=1579"}],"wp:term":[{"taxonomy":"product_cat","embeddable":true,"href":"https:\/\/www.superkolesa.sk\/index.php\/wp-json\/wp\/v2\/product_cat?post=1579"},{"taxonomy":"product_tag","embeddable":true,"href":"https:\/\/www.superkolesa.sk\/index.php\/wp-json\/wp\/v2\/product_tag?post=1579"}],"curies":[{"name":"wp","href":"https:\/\/api.w.org\/{rel}","templated":true}]}}