{"id":1615,"date":"2023-09-13T11:39:20","date_gmt":"2023-09-13T09:39:20","guid":{"rendered":"https:\/\/www.superkolesa.sk\/?post_type=product&#038;p=1615"},"modified":"2023-09-28T10:53:17","modified_gmt":"2023-09-28T08:53:17","slug":"orig-alu-disky-audi-q7-5x112","status":"publish","type":"product","link":"https:\/\/www.superkolesa.sk\/index.php\/product\/orig-alu-disky-audi-q7-5x112\/","title":{"rendered":"Orig. alu disky. AUDI Q7 5&#215;112"},"content":{"rendered":"","protected":false},"excerpt":{"rendered":"<p>Orig. alu disky. AUDI Q7 5&#215;112 8J x18 ET 25 Touareg Cayenne<br \/>\nTOP STAV !!!<br \/>\nmo\u017enos\u0165 aj posla\u0165 na dobierku.<br \/>\nPneu 255 60 R18 NOKIAN 2x8mm 2x7mm zimn\u00e9<\/p>\n","protected":false},"featured_media":1620,"comment_status":"open","ping_status":"closed","template":"","meta":[],"product_cat":[62,55,65,64,54,52,53],"product_tag":[],"class_list":{"0":"post-1615","1":"product","2":"type-product","3":"status-publish","4":"has-post-thumbnail","6":"product_cat-62","7":"product_cat-audi","8":"product_cat-bmw","9":"product_cat-mercedes","10":"product_cat-seat","11":"product_cat-skoda","12":"product_cat-vw","14":"first","15":"instock","16":"shipping-taxable","17":"purchasable","18":"product-type-simple"},"_links":{"self":[{"href":"https:\/\/www.superkolesa.sk\/index.php\/wp-json\/wp\/v2\/product\/1615","targetHints":{"allow":["GET"]}}],"collection":[{"href":"https:\/\/www.superkolesa.sk\/index.php\/wp-json\/wp\/v2\/product"}],"about":[{"href":"https:\/\/www.superkolesa.sk\/index.php\/wp-json\/wp\/v2\/types\/product"}],"replies":[{"embeddable":true,"href":"https:\/\/www.superkolesa.sk\/index.php\/wp-json\/wp\/v2\/comments?post=1615"}],"wp:featuredmedia":[{"embeddable":true,"href":"https:\/\/www.superkolesa.sk\/index.php\/wp-json\/wp\/v2\/media\/1620"}],"wp:attachment":[{"href":"https:\/\/www.superkolesa.sk\/index.php\/wp-json\/wp\/v2\/media?parent=1615"}],"wp:term":[{"taxonomy":"product_cat","embeddable":true,"href":"https:\/\/www.superkolesa.sk\/index.php\/wp-json\/wp\/v2\/product_cat?post=1615"},{"taxonomy":"product_tag","embeddable":true,"href":"https:\/\/www.superkolesa.sk\/index.php\/wp-json\/wp\/v2\/product_tag?post=1615"}],"curies":[{"name":"wp","href":"https:\/\/api.w.org\/{rel}","templated":true}]}}