{"id":1962,"date":"2023-10-03T08:03:48","date_gmt":"2023-10-03T06:03:48","guid":{"rendered":"https:\/\/www.superkolesa.sk\/?post_type=product&#038;p=1962"},"modified":"2023-10-03T20:55:15","modified_gmt":"2023-10-03T18:55:15","slug":"cadiz-org-vw-passat-5x112-75x18-et-49-vw-seat-skoda-225-40-r18-zimne","status":"publish","type":"product","link":"https:\/\/www.superkolesa.sk\/index.php\/product\/cadiz-org-vw-passat-5x112-75x18-et-49-vw-seat-skoda-225-40-r18-zimne\/","title":{"rendered":"CADIZ  org. VW Passat 5&#215;112  7,5&#215;18 ET 49  VW Seat Skoda 225 40 R18 zimn\u00e9"},"content":{"rendered":"","protected":false},"excerpt":{"rendered":"<p>CADIZ<span class=\"Apple-converted-space\">\u00a0 <\/span><b>org. VW Passat 5&#215;112<span class=\"Apple-converted-space\">\u00a0 <\/span>7,5&#215;18 ET 49<span class=\"Apple-converted-space\">\u00a0 <\/span>VW Seat Skoda<\/b><\/p>\n<p><b> 225 40 R18<\/b><\/p>\n<p><b>2x8mm<span class=\"Apple-converted-space\">\u00a0 <\/span>225 40 R18 Zimn\u00e9<span class=\"Apple-converted-space\"> \u00a0<\/span><\/b><\/p>\n<p>vhodn\u00e9 pre<\/p>\n<p>Skoda Octavia Yeti Superb<\/p>\n<p>Seat Leon Toledo<\/p>\n<p>Audi A3<\/p>\n<p>VW Golf Touran Passat<\/p>\n<p>mo\u017enos\u0165 aj posla\u0165 na dobierku.<\/p>\n","protected":false},"featured_media":1963,"comment_status":"open","ping_status":"closed","template":"","meta":[],"product_cat":[15],"product_tag":[],"class_list":{"0":"post-1962","1":"product","2":"type-product","3":"status-publish","4":"has-post-thumbnail","6":"product_cat-uncategorized","8":"first","9":"instock","10":"shipping-taxable","11":"purchasable","12":"product-type-simple"},"_links":{"self":[{"href":"https:\/\/www.superkolesa.sk\/index.php\/wp-json\/wp\/v2\/product\/1962","targetHints":{"allow":["GET"]}}],"collection":[{"href":"https:\/\/www.superkolesa.sk\/index.php\/wp-json\/wp\/v2\/product"}],"about":[{"href":"https:\/\/www.superkolesa.sk\/index.php\/wp-json\/wp\/v2\/types\/product"}],"replies":[{"embeddable":true,"href":"https:\/\/www.superkolesa.sk\/index.php\/wp-json\/wp\/v2\/comments?post=1962"}],"wp:featuredmedia":[{"embeddable":true,"href":"https:\/\/www.superkolesa.sk\/index.php\/wp-json\/wp\/v2\/media\/1963"}],"wp:attachment":[{"href":"https:\/\/www.superkolesa.sk\/index.php\/wp-json\/wp\/v2\/media?parent=1962"}],"wp:term":[{"taxonomy":"product_cat","embeddable":true,"href":"https:\/\/www.superkolesa.sk\/index.php\/wp-json\/wp\/v2\/product_cat?post=1962"},{"taxonomy":"product_tag","embeddable":true,"href":"https:\/\/www.superkolesa.sk\/index.php\/wp-json\/wp\/v2\/product_tag?post=1962"}],"curies":[{"name":"wp","href":"https:\/\/api.w.org\/{rel}","templated":true}]}}