{"id":2231,"date":"2023-10-12T14:52:43","date_gmt":"2023-10-12T12:52:43","guid":{"rendered":"https:\/\/www.superkolesa.sk\/?post_type=product&#038;p=2231"},"modified":"2023-10-12T15:04:48","modified_gmt":"2023-10-12T13:04:48","slug":"orig-mercedes-alu-disky-5x112-et485-225-50-r17-zimne","status":"publish","type":"product","link":"https:\/\/www.superkolesa.sk\/index.php\/product\/orig-mercedes-alu-disky-5x112-et485-225-50-r17-zimne\/","title":{"rendered":"Orig. Mercedes alu disky 5&#215;112  ET48,5 225 50 R17 zimn\u00e9"},"content":{"rendered":"","protected":false},"excerpt":{"rendered":"<p><b>Mercedes<span class=\"Apple-converted-space\">\u00a0 <\/span>Orig. alu disky<span class=\"Apple-converted-space\">\u00a0<\/span><\/b><\/p>\n<p><b>5&#215;112 <span class=\"Apple-converted-space\">\u00a0<\/span><\/b><\/p>\n<p><span class=\"Apple-converted-space\">\u00a0<\/span>7<b>jx 17 ET 48,5<\/b><\/p>\n<p><b>\u010c. Dielu : A 205 401 08 00<\/b><\/p>\n<p><b>Disky maj\u00fa sn\u00edma\u010de tlaku<\/b><\/p>\n<p><b><span class=\"Apple-converted-space\">\u00a0<\/span>Pneu 4x 225 50 R17 Zimn\u00e9<span class=\"Apple-converted-space\">\u00a0<\/span><\/b><\/p>\n<p>Pneu 4x 7 mm Zimn\u00e9 <span class=\"Apple-converted-space\">\u00a0<\/span><\/p>\n<p>Stred diera 66,6<span class=\"Apple-converted-space\">\u00a0<\/span><\/p>\n<p>Mo\u017enos\u0165 posla\u0165 dobierkou cena kuri\u00e9ra +50\u20ac<span class=\"Apple-converted-space\">\u00a0<\/span><\/p>\n<p>Vhodn\u00e9 pre :<span class=\"Apple-converted-space\">\u00a0<\/span><\/p>\n<p>A Klasse<span class=\"Apple-converted-space\">\u00a0<\/span><\/p>\n<p>CLA Klasse<\/p>\n<p>C Klasse<span class=\"Apple-converted-space\">\u00a0<\/span><\/p>\n<p>E Klasse<span class=\"Apple-converted-space\">\u00a0<\/span><\/p>\n<p>AUDI<span class=\"Apple-converted-space\">\u00a0<\/span><\/p>\n<p>SEAT<span class=\"Apple-converted-space\">\u00a0<\/span><\/p>\n<p>SKODA<span class=\"Apple-converted-space\">\u00a0<\/span><\/p>\n<p>VW a in\u00e9<span class=\"Apple-converted-space\">\u00a0<\/span><\/p>\n<p>Pozri v\u0161etky moje inzer\u00e1ty a\u00a0hodnotenia<\/p>\n<p>Mo\u017enos\u0165 posla\u0165 na dobierku<span class=\"Apple-converted-space\">\u00a0 <\/span>+45\u20ac<\/p>\n<p>Alebo daj do vyh\u013ead\u00e1va\u010da moje tel. \u010d\u00edslo a uk\u00e1\u017ee moje aktu\u00e1lne ponuky<\/p>\n<p>Cena 770\u20ac<\/p>\n","protected":false},"featured_media":2232,"comment_status":"open","ping_status":"closed","template":"","meta":[],"product_cat":[61,55,65,64,54,52,53],"product_tag":[],"class_list":{"0":"post-2231","1":"product","2":"type-product","3":"status-publish","4":"has-post-thumbnail","6":"product_cat-61","7":"product_cat-audi","8":"product_cat-bmw","9":"product_cat-mercedes","10":"product_cat-seat","11":"product_cat-skoda","12":"product_cat-vw","14":"first","15":"instock","16":"shipping-taxable","17":"purchasable","18":"product-type-simple"},"_links":{"self":[{"href":"https:\/\/www.superkolesa.sk\/index.php\/wp-json\/wp\/v2\/product\/2231","targetHints":{"allow":["GET"]}}],"collection":[{"href":"https:\/\/www.superkolesa.sk\/index.php\/wp-json\/wp\/v2\/product"}],"about":[{"href":"https:\/\/www.superkolesa.sk\/index.php\/wp-json\/wp\/v2\/types\/product"}],"replies":[{"embeddable":true,"href":"https:\/\/www.superkolesa.sk\/index.php\/wp-json\/wp\/v2\/comments?post=2231"}],"wp:featuredmedia":[{"embeddable":true,"href":"https:\/\/www.superkolesa.sk\/index.php\/wp-json\/wp\/v2\/media\/2232"}],"wp:attachment":[{"href":"https:\/\/www.superkolesa.sk\/index.php\/wp-json\/wp\/v2\/media?parent=2231"}],"wp:term":[{"taxonomy":"product_cat","embeddable":true,"href":"https:\/\/www.superkolesa.sk\/index.php\/wp-json\/wp\/v2\/product_cat?post=2231"},{"taxonomy":"product_tag","embeddable":true,"href":"https:\/\/www.superkolesa.sk\/index.php\/wp-json\/wp\/v2\/product_tag?post=2231"}],"curies":[{"name":"wp","href":"https:\/\/api.w.org\/{rel}","templated":true}]}}