{"id":2453,"date":"2023-10-23T16:55:14","date_gmt":"2023-10-23T14:55:14","guid":{"rendered":"https:\/\/www.superkolesa.sk\/?post_type=product&#038;p=2453"},"modified":"2023-10-23T16:55:14","modified_gmt":"2023-10-23T14:55:14","slug":"org-audi-s-line-85jxr19-et-32-255-35-r19-mercedes-vw","status":"publish","type":"product","link":"https:\/\/www.superkolesa.sk\/index.php\/product\/org-audi-s-line-85jxr19-et-32-255-35-r19-mercedes-vw\/","title":{"rendered":"Org. AUDI S-line 8,5jxR19 ET 32 255 35 R19 Mercedes  VW"},"content":{"rendered":"","protected":false},"excerpt":{"rendered":"<p>Org. AUDI S-line<span class=\"Apple-converted-space\">\u00a0<\/span><\/p>\n<p>5&#215;112<\/p>\n<p>8,5jxR19 ET 32<\/p>\n<p>255 35 R19 Mercedes<span class=\"Apple-converted-space\">\u00a0 <\/span>VW<span class=\"Apple-converted-space\">\u00a0<\/span><\/p>\n<p>2x7mm 2&#215;6,5mm<span class=\"Apple-converted-space\">\u00a0 <\/span>Zimn\u00e9<\/p>\n<p>Stredov\u00e1 diera 66,6mm<span class=\"Apple-converted-space\">\u00a0<\/span><\/p>\n<p>vhodn\u00e9 BMW X3 X4 X5 nov\u00e9 modely<span class=\"Apple-converted-space\">\u00a0<\/span><\/p>\n<p>Pasuje aj na<\/p>\n<p>AUDI A4 A6 A7<span class=\"Apple-converted-space\">\u00a0<\/span><\/p>\n<p><span class=\"Apple-converted-space\">\u00a0<\/span>Audi Q3 Q5 Q7<span class=\"Apple-converted-space\">\u00a0<\/span><\/p>\n<p>VW TIGUAN ARTEON<span class=\"Apple-converted-space\">\u00a0 <\/span>PASSAT Touareg<span class=\"Apple-converted-space\">\u00a0<\/span><\/p>\n<p>\u0160kodaKODIAQ<span class=\"Apple-converted-space\">\u00a0<\/span><\/p>\n<p>Seat TARRACO<\/p>\n<p>Merceds GLC GLE<span class=\"Apple-converted-space\">\u00a0 <\/span>V Klase a in\u00e9<\/p>\n<p>BMW X3 X4<span class=\"Apple-converted-space\">\u00a0<\/span><\/p>\n<p>mo\u017enos\u0165 aj posla\u0165 na dobierku.+ 45\u20ac<\/p>\n<p>&nbsp;<\/p>\n","protected":false},"featured_media":2454,"comment_status":"open","ping_status":"closed","template":"","meta":[],"product_cat":[63,55,65,64,54,52,53],"product_tag":[],"class_list":{"0":"post-2453","1":"product","2":"type-product","3":"status-publish","4":"has-post-thumbnail","6":"product_cat-63","7":"product_cat-audi","8":"product_cat-bmw","9":"product_cat-mercedes","10":"product_cat-seat","11":"product_cat-skoda","12":"product_cat-vw","14":"first","15":"instock","16":"shipping-taxable","17":"purchasable","18":"product-type-simple"},"_links":{"self":[{"href":"https:\/\/www.superkolesa.sk\/index.php\/wp-json\/wp\/v2\/product\/2453","targetHints":{"allow":["GET"]}}],"collection":[{"href":"https:\/\/www.superkolesa.sk\/index.php\/wp-json\/wp\/v2\/product"}],"about":[{"href":"https:\/\/www.superkolesa.sk\/index.php\/wp-json\/wp\/v2\/types\/product"}],"replies":[{"embeddable":true,"href":"https:\/\/www.superkolesa.sk\/index.php\/wp-json\/wp\/v2\/comments?post=2453"}],"wp:featuredmedia":[{"embeddable":true,"href":"https:\/\/www.superkolesa.sk\/index.php\/wp-json\/wp\/v2\/media\/2454"}],"wp:attachment":[{"href":"https:\/\/www.superkolesa.sk\/index.php\/wp-json\/wp\/v2\/media?parent=2453"}],"wp:term":[{"taxonomy":"product_cat","embeddable":true,"href":"https:\/\/www.superkolesa.sk\/index.php\/wp-json\/wp\/v2\/product_cat?post=2453"},{"taxonomy":"product_tag","embeddable":true,"href":"https:\/\/www.superkolesa.sk\/index.php\/wp-json\/wp\/v2\/product_tag?post=2453"}],"curies":[{"name":"wp","href":"https:\/\/api.w.org\/{rel}","templated":true}]}}