{"id":2512,"date":"2023-10-29T13:49:45","date_gmt":"2023-10-29T12:49:45","guid":{"rendered":"https:\/\/www.superkolesa.sk\/?post_type=product&#038;p=2512"},"modified":"2023-10-29T13:49:45","modified_gmt":"2023-10-29T12:49:45","slug":"toyota-avensis-5x100-7jx17-et45-215-50-r17-letne","status":"publish","type":"product","link":"https:\/\/www.superkolesa.sk\/index.php\/product\/toyota-avensis-5x100-7jx17-et45-215-50-r17-letne\/","title":{"rendered":"Toyota Avensis 5&#215;100 7jx17 ET45 215 50 R17 Letn\u00e9"},"content":{"rendered":"","protected":false},"excerpt":{"rendered":"<p><b>Toyota Avensis<\/b><\/p>\n<p><b><span class=\"Apple-converted-space\">\u00a0<\/span>5&#215;100<span class=\"Apple-converted-space\">\u00a0<\/span><\/b><\/p>\n<p><b>7jx17 ET45<span class=\"Apple-converted-space\">\u00a0<\/span><\/b><\/p>\n<p><b>Pneu 215 50 R17 Letn\u00e9<span class=\"Apple-converted-space\">\u00a0<\/span><\/b><\/p>\n<p><b>4x5mm<span class=\"Apple-converted-space\">\u00a0<\/span><\/b><\/p>\n<p>Vhodn\u00e9 pre<span class=\"Apple-converted-space\">\u00a0<\/span><\/p>\n<p>Toyota Avensis<span class=\"Apple-converted-space\">\u00a0<\/span><\/p>\n<p>A in\u00e9 s touto rozto\u010dou dier<br \/>\nMo\u017enos\u0165 posla\u0165 dobierkou cena dobierky +45\u20ac<\/p>\n<p>&nbsp;<\/p>\n","protected":false},"featured_media":2513,"comment_status":"open","ping_status":"closed","template":"","meta":[],"product_cat":[61,57],"product_tag":[],"class_list":{"0":"post-2512","1":"product","2":"type-product","3":"status-publish","4":"has-post-thumbnail","6":"product_cat-61","7":"product_cat-toyota","9":"first","10":"instock","11":"shipping-taxable","12":"purchasable","13":"product-type-simple"},"_links":{"self":[{"href":"https:\/\/www.superkolesa.sk\/index.php\/wp-json\/wp\/v2\/product\/2512","targetHints":{"allow":["GET"]}}],"collection":[{"href":"https:\/\/www.superkolesa.sk\/index.php\/wp-json\/wp\/v2\/product"}],"about":[{"href":"https:\/\/www.superkolesa.sk\/index.php\/wp-json\/wp\/v2\/types\/product"}],"replies":[{"embeddable":true,"href":"https:\/\/www.superkolesa.sk\/index.php\/wp-json\/wp\/v2\/comments?post=2512"}],"wp:featuredmedia":[{"embeddable":true,"href":"https:\/\/www.superkolesa.sk\/index.php\/wp-json\/wp\/v2\/media\/2513"}],"wp:attachment":[{"href":"https:\/\/www.superkolesa.sk\/index.php\/wp-json\/wp\/v2\/media?parent=2512"}],"wp:term":[{"taxonomy":"product_cat","embeddable":true,"href":"https:\/\/www.superkolesa.sk\/index.php\/wp-json\/wp\/v2\/product_cat?post=2512"},{"taxonomy":"product_tag","embeddable":true,"href":"https:\/\/www.superkolesa.sk\/index.php\/wp-json\/wp\/v2\/product_tag?post=2512"}],"curies":[{"name":"wp","href":"https:\/\/api.w.org\/{rel}","templated":true}]}}