{"id":2701,"date":"2023-11-07T18:29:47","date_gmt":"2023-11-07T17:29:47","guid":{"rendered":"https:\/\/www.superkolesa.sk\/?post_type=product&#038;p=2701"},"modified":"2023-11-07T18:29:47","modified_gmt":"2023-11-07T17:29:47","slug":"skoda-fabia-disky-cierne-7jxr16-et46-215-45-r16-zimne","status":"publish","type":"product","link":"https:\/\/www.superkolesa.sk\/index.php\/product\/skoda-fabia-disky-cierne-7jxr16-et46-215-45-r16-zimne\/","title":{"rendered":"Skoda FABIA  disky \u010diern\u00e9 7jxR16 ET46 215 45 R16 zimn\u00e9"},"content":{"rendered":"","protected":false},"excerpt":{"rendered":"<p>Skoda FABIA disky \u010diern\u00e9 7jxR16 ET46<span class=\"Apple-converted-space\">\u00a0<\/span><\/p>\n<p>215 45 R16 zimn\u00e9<span class=\"Apple-converted-space\">\u00a0<\/span><\/p>\n<p>KAMIQ FABIA ROOMSTER OCTAVIA 1 IBIZA GOLF 4 AUDI A1 VW POLO<span class=\"Apple-converted-space\">\u00a0<\/span><\/p>\n<p>Pneu 215 45 R16<\/p>\n<p>2x 8mm NOV\u00c9 2x 5mm zimn\u00e9<\/p>\n<p>Ak niekto by chcel in\u00fd rozmer treba zavola\u0165 a dohodneme sa prehod\u00edm tam in\u00e9 pneu .<\/p>\n<p>&nbsp;<\/p>\n","protected":false},"featured_media":2703,"comment_status":"open","ping_status":"closed","template":"","meta":[],"product_cat":[60,54,52,53],"product_tag":[],"class_list":{"0":"post-2701","1":"product","2":"type-product","3":"status-publish","4":"has-post-thumbnail","6":"product_cat-60","7":"product_cat-seat","8":"product_cat-skoda","9":"product_cat-vw","11":"first","12":"instock","13":"shipping-taxable","14":"purchasable","15":"product-type-simple"},"_links":{"self":[{"href":"https:\/\/www.superkolesa.sk\/index.php\/wp-json\/wp\/v2\/product\/2701","targetHints":{"allow":["GET"]}}],"collection":[{"href":"https:\/\/www.superkolesa.sk\/index.php\/wp-json\/wp\/v2\/product"}],"about":[{"href":"https:\/\/www.superkolesa.sk\/index.php\/wp-json\/wp\/v2\/types\/product"}],"replies":[{"embeddable":true,"href":"https:\/\/www.superkolesa.sk\/index.php\/wp-json\/wp\/v2\/comments?post=2701"}],"wp:featuredmedia":[{"embeddable":true,"href":"https:\/\/www.superkolesa.sk\/index.php\/wp-json\/wp\/v2\/media\/2703"}],"wp:attachment":[{"href":"https:\/\/www.superkolesa.sk\/index.php\/wp-json\/wp\/v2\/media?parent=2701"}],"wp:term":[{"taxonomy":"product_cat","embeddable":true,"href":"https:\/\/www.superkolesa.sk\/index.php\/wp-json\/wp\/v2\/product_cat?post=2701"},{"taxonomy":"product_tag","embeddable":true,"href":"https:\/\/www.superkolesa.sk\/index.php\/wp-json\/wp\/v2\/product_tag?post=2701"}],"curies":[{"name":"wp","href":"https:\/\/api.w.org\/{rel}","templated":true}]}}