{"id":2830,"date":"2023-11-15T00:56:31","date_gmt":"2023-11-14T23:56:31","guid":{"rendered":"https:\/\/www.superkolesa.sk\/?post_type=product&#038;p=2830"},"modified":"2023-11-15T00:56:31","modified_gmt":"2023-11-14T23:56:31","slug":"skoda-orig-accessories-alu-disky-215-55-r17-5x112-skoda-superb-octavia-iv","status":"publish","type":"product","link":"https:\/\/www.superkolesa.sk\/index.php\/product\/skoda-orig-accessories-alu-disky-215-55-r17-5x112-skoda-superb-octavia-iv\/","title":{"rendered":"SKODA orig ACCESSORIES alu disky 215 55 R17 5&#215;112 Skoda Superb octavia IV"},"content":{"rendered":"","protected":false},"excerpt":{"rendered":"<p><b>ACCESSORIES<span class=\"Apple-converted-space\">\u00a0 <\/span><\/b>origin\u00e1 \u0161koda alu disky z Octvia IV<span class=\"Apple-converted-space\">\u00a0<\/span><\/p>\n<p>6.5&#215;17 et38<\/p>\n<p>5&#215;112<span class=\"Apple-converted-space\">\u00a0<\/span><\/p>\n<p>Pneu<span class=\"Apple-converted-space\">\u00a0 <\/span>2x 6 mm 2x4mm zimn\u00e9<\/p>\n<p>Vhodn\u00e9 pre<span class=\"Apple-converted-space\">\u00a0<\/span><\/p>\n<p>Skoda KODIAQ<\/p>\n<p>Seat TARRACO<span class=\"Apple-converted-space\">\u00a0<\/span><\/p>\n<p>VW TIGUAN<span class=\"Apple-converted-space\">\u00a0<\/span><\/p>\n<p>Mo\u017enos\u0165 posla\u0165 dobierkou, cena dobierky +45\u20ac<span class=\"Apple-converted-space\">\u00a0<\/span><\/p>\n<p>Cena 440\u20ac<\/p>\n","protected":false},"featured_media":2831,"comment_status":"open","ping_status":"closed","template":"","meta":[],"product_cat":[61,54,52,53],"product_tag":[],"class_list":{"0":"post-2830","1":"product","2":"type-product","3":"status-publish","4":"has-post-thumbnail","6":"product_cat-61","7":"product_cat-seat","8":"product_cat-skoda","9":"product_cat-vw","11":"first","12":"instock","13":"shipping-taxable","14":"purchasable","15":"product-type-simple"},"_links":{"self":[{"href":"https:\/\/www.superkolesa.sk\/index.php\/wp-json\/wp\/v2\/product\/2830","targetHints":{"allow":["GET"]}}],"collection":[{"href":"https:\/\/www.superkolesa.sk\/index.php\/wp-json\/wp\/v2\/product"}],"about":[{"href":"https:\/\/www.superkolesa.sk\/index.php\/wp-json\/wp\/v2\/types\/product"}],"replies":[{"embeddable":true,"href":"https:\/\/www.superkolesa.sk\/index.php\/wp-json\/wp\/v2\/comments?post=2830"}],"wp:featuredmedia":[{"embeddable":true,"href":"https:\/\/www.superkolesa.sk\/index.php\/wp-json\/wp\/v2\/media\/2831"}],"wp:attachment":[{"href":"https:\/\/www.superkolesa.sk\/index.php\/wp-json\/wp\/v2\/media?parent=2830"}],"wp:term":[{"taxonomy":"product_cat","embeddable":true,"href":"https:\/\/www.superkolesa.sk\/index.php\/wp-json\/wp\/v2\/product_cat?post=2830"},{"taxonomy":"product_tag","embeddable":true,"href":"https:\/\/www.superkolesa.sk\/index.php\/wp-json\/wp\/v2\/product_tag?post=2830"}],"curies":[{"name":"wp","href":"https:\/\/api.w.org\/{rel}","templated":true}]}}