{"id":2962,"date":"2023-12-04T09:40:26","date_gmt":"2023-12-04T08:40:26","guid":{"rendered":"https:\/\/www.superkolesa.sk\/?post_type=product&#038;p=2962"},"modified":"2024-03-22T14:38:04","modified_gmt":"2024-03-22T13:38:04","slug":"perseus-skoda-orig-disky-5x112-75xr18-et48-vw-225-45-r18","status":"publish","type":"product","link":"https:\/\/www.superkolesa.sk\/index.php\/product\/perseus-skoda-orig-disky-5x112-75xr18-et48-vw-225-45-r18\/","title":{"rendered":"PERSEUS skoda orig disky 5&#215;112 7,5xR18 ET48 VW  225 40 R18"},"content":{"rendered":"","protected":false},"excerpt":{"rendered":"<p>PERSEUS <b>skoda orig disky 5&#215;112 7,5xR18 ET48 VW <span class=\"Apple-converted-space\">\u00a0<\/span><\/b><\/p>\n<p><b>225 40 R18 letn\u00e9<span class=\"Apple-converted-space\">\u00a0<\/span><\/b><\/p>\n<p><b>Pneu<span class=\"Apple-converted-space\">\u00a0 <\/span>2x6mm \u00a02x 5mm letn\u00e9<span class=\"Apple-converted-space\">\u00a0<\/span><\/b><\/p>\n<p>vhodn\u00e9 pre Skoda Octavia Superb YETI Karoq<span class=\"Apple-converted-space\">\u00a0<\/span><\/p>\n<p>VW Golf Passat Touran T-ROCK<span class=\"Apple-converted-space\">\u00a0<\/span><\/p>\n<p>Seat Leon Toledo ATECA<span class=\"Apple-converted-space\">\u00a0<\/span><\/p>\n<p>mo\u017enos\u0165 aj posla\u0165 na dobierku.<\/p>\n<p>Cena za kuri\u00e9ra je +50\u20ac<span class=\"Apple-converted-space\">\u00a0<\/span><\/p>\n","protected":false},"featured_media":3820,"comment_status":"open","ping_status":"closed","template":"","meta":[],"product_cat":[54,52,53],"product_tag":[],"class_list":{"0":"post-2962","1":"product","2":"type-product","3":"status-publish","4":"has-post-thumbnail","6":"product_cat-seat","7":"product_cat-skoda","8":"product_cat-vw","10":"first","11":"instock","12":"sale","13":"shipping-taxable","14":"purchasable","15":"product-type-simple"},"_links":{"self":[{"href":"https:\/\/www.superkolesa.sk\/index.php\/wp-json\/wp\/v2\/product\/2962","targetHints":{"allow":["GET"]}}],"collection":[{"href":"https:\/\/www.superkolesa.sk\/index.php\/wp-json\/wp\/v2\/product"}],"about":[{"href":"https:\/\/www.superkolesa.sk\/index.php\/wp-json\/wp\/v2\/types\/product"}],"replies":[{"embeddable":true,"href":"https:\/\/www.superkolesa.sk\/index.php\/wp-json\/wp\/v2\/comments?post=2962"}],"wp:featuredmedia":[{"embeddable":true,"href":"https:\/\/www.superkolesa.sk\/index.php\/wp-json\/wp\/v2\/media\/3820"}],"wp:attachment":[{"href":"https:\/\/www.superkolesa.sk\/index.php\/wp-json\/wp\/v2\/media?parent=2962"}],"wp:term":[{"taxonomy":"product_cat","embeddable":true,"href":"https:\/\/www.superkolesa.sk\/index.php\/wp-json\/wp\/v2\/product_cat?post=2962"},{"taxonomy":"product_tag","embeddable":true,"href":"https:\/\/www.superkolesa.sk\/index.php\/wp-json\/wp\/v2\/product_tag?post=2962"}],"curies":[{"name":"wp","href":"https:\/\/api.w.org\/{rel}","templated":true}]}}