{"id":2972,"date":"2023-12-04T15:17:36","date_gmt":"2023-12-04T14:17:36","guid":{"rendered":"https:\/\/www.superkolesa.sk\/?post_type=product&#038;p=2972"},"modified":"2023-12-04T15:17:36","modified_gmt":"2023-12-04T14:17:36","slug":"moon-schwarz-orig-skoda-alu-disky-5x112-et45-215-60-16-zimne","status":"publish","type":"product","link":"https:\/\/www.superkolesa.sk\/index.php\/product\/moon-schwarz-orig-skoda-alu-disky-5x112-et45-215-60-16-zimne\/","title":{"rendered":"MOON Schwarz Orig.skoda Alu Disky 5&#215;112 ET45\u00a0215 60 16 zimn\u00e9"},"content":{"rendered":"","protected":false},"excerpt":{"rendered":"<p><b>MOON Schwarz<span class=\"Apple-converted-space\">\u00a0<\/span><\/b><\/p>\n<p><b>Orig.skoda Alu disky 16<span class=\"Apple-converted-space\">\u00a0<\/span><\/b><\/p>\n<p>7jxR16 <span class=\"Apple-converted-space\">\u00a0 <\/span>ET 45<\/p>\n<p>Pneu 215 60 R16<span class=\"Apple-converted-space\">\u00a0<\/span><\/p>\n<p>2x 7mm 2&#215;6,5mm zimn\u00e9<\/p>\n<p>Vhodn\u00e9 pre<span class=\"Apple-converted-space\">\u00a0<\/span><\/p>\n<p>Skoda<span class=\"Apple-converted-space\">\u00a0<\/span><\/p>\n<p>Octavia<span class=\"Apple-converted-space\">\u00a0<\/span><\/p>\n<p>YETI<span class=\"Apple-converted-space\">\u00a0<\/span><\/p>\n<p>SUPERB 3V<span class=\"Apple-converted-space\">\u00a0<\/span><\/p>\n<p>Karoq<\/p>\n<p>VW Golf Touran<span class=\"Apple-converted-space\">\u00a0<\/span><\/p>\n<p>Passat Sportswan Golf Plus Sharan<span class=\"Apple-converted-space\">\u00a0<\/span><\/p>\n<p>Seat Leon Toledo Altea Alhambra <span class=\"Apple-converted-space\">\u00a0<\/span><\/p>\n<p>Audi A3 A4<span class=\"Apple-converted-space\">\u00a0<\/span><\/p>\n<p>Mo\u017enos\u0165 posla\u0165 aj na dobierku cena dobierky +45\u20ac<span class=\"Apple-converted-space\">\u00a0<\/span><\/p>\n<p>&nbsp;<\/p>\n","protected":false},"featured_media":2974,"comment_status":"open","ping_status":"closed","template":"","meta":[],"product_cat":[60,54,52,53],"product_tag":[],"class_list":{"0":"post-2972","1":"product","2":"type-product","3":"status-publish","4":"has-post-thumbnail","6":"product_cat-60","7":"product_cat-seat","8":"product_cat-skoda","9":"product_cat-vw","11":"first","12":"instock","13":"shipping-taxable","14":"purchasable","15":"product-type-simple"},"_links":{"self":[{"href":"https:\/\/www.superkolesa.sk\/index.php\/wp-json\/wp\/v2\/product\/2972","targetHints":{"allow":["GET"]}}],"collection":[{"href":"https:\/\/www.superkolesa.sk\/index.php\/wp-json\/wp\/v2\/product"}],"about":[{"href":"https:\/\/www.superkolesa.sk\/index.php\/wp-json\/wp\/v2\/types\/product"}],"replies":[{"embeddable":true,"href":"https:\/\/www.superkolesa.sk\/index.php\/wp-json\/wp\/v2\/comments?post=2972"}],"wp:featuredmedia":[{"embeddable":true,"href":"https:\/\/www.superkolesa.sk\/index.php\/wp-json\/wp\/v2\/media\/2974"}],"wp:attachment":[{"href":"https:\/\/www.superkolesa.sk\/index.php\/wp-json\/wp\/v2\/media?parent=2972"}],"wp:term":[{"taxonomy":"product_cat","embeddable":true,"href":"https:\/\/www.superkolesa.sk\/index.php\/wp-json\/wp\/v2\/product_cat?post=2972"},{"taxonomy":"product_tag","embeddable":true,"href":"https:\/\/www.superkolesa.sk\/index.php\/wp-json\/wp\/v2\/product_tag?post=2972"}],"curies":[{"name":"wp","href":"https:\/\/api.w.org\/{rel}","templated":true}]}}