{"id":3519,"date":"2024-02-22T21:30:46","date_gmt":"2024-02-22T20:30:46","guid":{"rendered":"https:\/\/www.superkolesa.sk\/?post_type=product&#038;p=3519"},"modified":"2024-02-22T21:30:46","modified_gmt":"2024-02-22T20:30:46","slug":"orig-alu-disky-audi-5x112-8jx17-et46-skoda-vw-audi-seat","status":"publish","type":"product","link":"https:\/\/www.superkolesa.sk\/index.php\/product\/orig-alu-disky-audi-5x112-8jx17-et46-skoda-vw-audi-seat\/","title":{"rendered":"Orig. Alu disky. Audi 5&#215;112  8jx17 ET46 skoda VW  Audi SEAT"},"content":{"rendered":"","protected":false},"excerpt":{"rendered":"<p>Cena 520\u20ac<span class=\"Apple-converted-space\">\u00a0<\/span><\/p>\n<p>Orig. Alu disky. Audi<span class=\"Apple-converted-space\">\u00a0<\/span><\/p>\n<p>5&#215;112<span class=\"Apple-converted-space\">\u00a0<\/span><\/p>\n<p>8jx17 ET46<\/p>\n<p>Stredov\u00e1 diera 57,1mm<span class=\"Apple-converted-space\">\u00a0<\/span><\/p>\n<p>\u010c\u00edslo dielu:8Y0601025A<\/p>\n<p>Disky s\u00fa nov\u00e9 nepo\u0161koden\u00e9<span class=\"Apple-converted-space\">\u00a0<\/span><\/p>\n<p>vhodn\u00e9 pre<\/p>\n<p>Audi A3 Q2 Q3<span class=\"Apple-converted-space\">\u00a0<\/span><\/p>\n<p><span class=\"Apple-converted-space\">\u00a0<\/span>Skoda Octavia Superb YETI<span class=\"Apple-converted-space\">\u00a0<\/span><\/p>\n<p>VW Passat ,Golf , Touran , Sportsvan Tiguan Sharan<span class=\"Apple-converted-space\">\u00a0<\/span><\/p>\n<p>Seat Toledo Altea , Alhambra<span class=\"Apple-converted-space\">\u00a0<\/span><\/p>\n<p>mo\u017enos\u0165 aj posla\u0165 na dobierku.<\/p>\n<p>Cena za kuri\u00e9ra +50\u20ac<span class=\"Apple-converted-space\">\u00a0<\/span><\/p>\n<p>CENA 520\u20ac<\/p>\n","protected":false},"featured_media":3520,"comment_status":"open","ping_status":"closed","template":"","meta":[],"product_cat":[61,55,54,52,53],"product_tag":[],"class_list":{"0":"post-3519","1":"product","2":"type-product","3":"status-publish","4":"has-post-thumbnail","6":"product_cat-61","7":"product_cat-audi","8":"product_cat-seat","9":"product_cat-skoda","10":"product_cat-vw","12":"first","13":"instock","14":"shipping-taxable","15":"purchasable","16":"product-type-simple"},"_links":{"self":[{"href":"https:\/\/www.superkolesa.sk\/index.php\/wp-json\/wp\/v2\/product\/3519","targetHints":{"allow":["GET"]}}],"collection":[{"href":"https:\/\/www.superkolesa.sk\/index.php\/wp-json\/wp\/v2\/product"}],"about":[{"href":"https:\/\/www.superkolesa.sk\/index.php\/wp-json\/wp\/v2\/types\/product"}],"replies":[{"embeddable":true,"href":"https:\/\/www.superkolesa.sk\/index.php\/wp-json\/wp\/v2\/comments?post=3519"}],"wp:featuredmedia":[{"embeddable":true,"href":"https:\/\/www.superkolesa.sk\/index.php\/wp-json\/wp\/v2\/media\/3520"}],"wp:attachment":[{"href":"https:\/\/www.superkolesa.sk\/index.php\/wp-json\/wp\/v2\/media?parent=3519"}],"wp:term":[{"taxonomy":"product_cat","embeddable":true,"href":"https:\/\/www.superkolesa.sk\/index.php\/wp-json\/wp\/v2\/product_cat?post=3519"},{"taxonomy":"product_tag","embeddable":true,"href":"https:\/\/www.superkolesa.sk\/index.php\/wp-json\/wp\/v2\/product_tag?post=3519"}],"curies":[{"name":"wp","href":"https:\/\/api.w.org\/{rel}","templated":true}]}}