{"id":3583,"date":"2024-03-03T14:45:41","date_gmt":"2024-03-03T13:45:41","guid":{"rendered":"https:\/\/www.superkolesa.sk\/?post_type=product&#038;p=3583"},"modified":"2024-03-03T14:45:41","modified_gmt":"2024-03-03T13:45:41","slug":"phoenix-trinity-schwarz-orig-skoda-superb3v-5x112-8jx19et-44-vw","status":"publish","type":"product","link":"https:\/\/www.superkolesa.sk\/index.php\/product\/phoenix-trinity-schwarz-orig-skoda-superb3v-5x112-8jx19et-44-vw\/","title":{"rendered":"Phoenix Trinity..SCHWARZ orig.skoda Superb3V 5&#215;112  8jx19ET 44 VW"},"content":{"rendered":"","protected":false},"excerpt":{"rendered":"<p>Cena 900\u20ac<span class=\"Apple-converted-space\">\u00a0<\/span><\/p>\n<p>Phoenix Trinity orig.skoda Superb3V<\/p>\n<p>VW volkswagen ARTEON PASSAT<span class=\"Apple-converted-space\">\u00a0<\/span><\/p>\n<p>Kodiaq Karoq<span class=\"Apple-converted-space\">\u00a0<\/span><\/p>\n<p>Seat Leon Tarraco a in\u00e9<span class=\"Apple-converted-space\">\u00a0<\/span><\/p>\n<p>5&#215;112 8j xR19 ET 44 VW<\/p>\n<p>podobne ako Triglav Vega Sirius Trinity Conopus<span class=\"Apple-converted-space\">\u00a0<\/span><\/p>\n<p>Mo\u017enos\u0165 obutia na r\u00f4zne rozmery zimn\u00fdch alebo letn\u00fdch pneu<span class=\"Apple-converted-space\">\u00a0<\/span><\/p>\n<p>225 35 R19<\/p>\n<p>235 40 R19<\/p>\n<p>245 45 R19<\/p>\n<p>235 50 R19 cena po dohode<span class=\"Apple-converted-space\">\u00a0<\/span><\/p>\n<p>M\u00f4\u017eu sa tam po dohode nahodi\u0165 aj in\u00e9 rozmery ako s\u00fa uveden\u00e9 vy\u0161\u0161ie v letnom alebo zimnom preveden\u00ed .<span class=\"Apple-converted-space\">\u00a0<\/span><\/p>\n<p>Cena S Pneu 1130\u20ac<span class=\"Apple-converted-space\">\u00a0<\/span><\/p>\n<p>Mo\u017enos\u0165 aj posla\u0165 na dobierku-cena kuriera +50\u20ac<span class=\"Apple-converted-space\">\u00a0<\/span><\/p>\n<p>Cenu bez pneu 900\u20ac &#8211; pevn\u00e1 cena<span class=\"Apple-converted-space\">\u00a0<\/span><\/p>\n","protected":false},"featured_media":3584,"comment_status":"open","ping_status":"closed","template":"","meta":[],"product_cat":[63,54,52,53],"product_tag":[],"class_list":{"0":"post-3583","1":"product","2":"type-product","3":"status-publish","4":"has-post-thumbnail","6":"product_cat-63","7":"product_cat-seat","8":"product_cat-skoda","9":"product_cat-vw","11":"first","12":"instock","13":"sale","14":"shipping-taxable","15":"purchasable","16":"product-type-simple"},"_links":{"self":[{"href":"https:\/\/www.superkolesa.sk\/index.php\/wp-json\/wp\/v2\/product\/3583","targetHints":{"allow":["GET"]}}],"collection":[{"href":"https:\/\/www.superkolesa.sk\/index.php\/wp-json\/wp\/v2\/product"}],"about":[{"href":"https:\/\/www.superkolesa.sk\/index.php\/wp-json\/wp\/v2\/types\/product"}],"replies":[{"embeddable":true,"href":"https:\/\/www.superkolesa.sk\/index.php\/wp-json\/wp\/v2\/comments?post=3583"}],"wp:featuredmedia":[{"embeddable":true,"href":"https:\/\/www.superkolesa.sk\/index.php\/wp-json\/wp\/v2\/media\/3584"}],"wp:attachment":[{"href":"https:\/\/www.superkolesa.sk\/index.php\/wp-json\/wp\/v2\/media?parent=3583"}],"wp:term":[{"taxonomy":"product_cat","embeddable":true,"href":"https:\/\/www.superkolesa.sk\/index.php\/wp-json\/wp\/v2\/product_cat?post=3583"},{"taxonomy":"product_tag","embeddable":true,"href":"https:\/\/www.superkolesa.sk\/index.php\/wp-json\/wp\/v2\/product_tag?post=3583"}],"curies":[{"name":"wp","href":"https:\/\/api.w.org\/{rel}","templated":true}]}}