{"id":3938,"date":"2024-03-25T07:40:57","date_gmt":"2024-03-25T06:40:57","guid":{"rendered":"https:\/\/www.superkolesa.sk\/?post_type=product&#038;p=3938"},"modified":"2024-03-25T07:40:58","modified_gmt":"2024-03-25T06:40:58","slug":"skoda-fabia-disky-silber-7jxr16-et46-215-45-r16-letne","status":"publish","type":"product","link":"https:\/\/www.superkolesa.sk\/index.php\/product\/skoda-fabia-disky-silber-7jxr16-et46-215-45-r16-letne\/","title":{"rendered":"Skoda FABIA  disky silber 7jxR16 ET46 215 45 R16 letn\u00e9"},"content":{"rendered":"","protected":false},"excerpt":{"rendered":"<p><b>Cena 560\u20ac<\/b><\/p>\n<p>Skoda FABIA original disky 7jxR16 ET46<span class=\"Apple-converted-space\">\u00a0<\/span><\/p>\n<p>215 45 R16 letn\u00e9<span class=\"Apple-converted-space\">\u00a0<\/span><\/p>\n<p>5&#215;100<span class=\"Apple-converted-space\">\u00a0<\/span><\/p>\n<p>KAMIQ FABIA ROOMSTER OCTAVIA 1 IBIZA GOLF 4 AUDI A1 VW POLO<span class=\"Apple-converted-space\">\u00a0<\/span><\/p>\n<p>2x 8mm 2x 6mm letn\u00e9<\/p>\n<p>Ak niekto by chcel in\u00fd rozmer treba zavola\u0165 a dohodneme sa prehod\u00edm tam in\u00e9 pneu .<\/p>\n<p>Mo\u017enos\u0165 posla\u0165 aj na dobierku cena kuriera +50\u20ac<span class=\"Apple-converted-space\">\u00a0<\/span><\/p>\n<p>Pozri v\u0161etky moje inzer\u00e1ty a hodnotenia v pravo dole<\/p>\n<p>Cena 560\u20ac<span class=\"Apple-converted-space\">\u00a0<\/span><\/p>\n","protected":false},"featured_media":3939,"comment_status":"open","ping_status":"closed","template":"","meta":[],"product_cat":[60,54,52,53],"product_tag":[],"class_list":{"0":"post-3938","1":"product","2":"type-product","3":"status-publish","4":"has-post-thumbnail","6":"product_cat-60","7":"product_cat-seat","8":"product_cat-skoda","9":"product_cat-vw","11":"first","12":"instock","13":"sale","14":"shipping-taxable","15":"purchasable","16":"product-type-simple"},"_links":{"self":[{"href":"https:\/\/www.superkolesa.sk\/index.php\/wp-json\/wp\/v2\/product\/3938","targetHints":{"allow":["GET"]}}],"collection":[{"href":"https:\/\/www.superkolesa.sk\/index.php\/wp-json\/wp\/v2\/product"}],"about":[{"href":"https:\/\/www.superkolesa.sk\/index.php\/wp-json\/wp\/v2\/types\/product"}],"replies":[{"embeddable":true,"href":"https:\/\/www.superkolesa.sk\/index.php\/wp-json\/wp\/v2\/comments?post=3938"}],"wp:featuredmedia":[{"embeddable":true,"href":"https:\/\/www.superkolesa.sk\/index.php\/wp-json\/wp\/v2\/media\/3939"}],"wp:attachment":[{"href":"https:\/\/www.superkolesa.sk\/index.php\/wp-json\/wp\/v2\/media?parent=3938"}],"wp:term":[{"taxonomy":"product_cat","embeddable":true,"href":"https:\/\/www.superkolesa.sk\/index.php\/wp-json\/wp\/v2\/product_cat?post=3938"},{"taxonomy":"product_tag","embeddable":true,"href":"https:\/\/www.superkolesa.sk\/index.php\/wp-json\/wp\/v2\/product_tag?post=3938"}],"curies":[{"name":"wp","href":"https:\/\/api.w.org\/{rel}","templated":true}]}}