{"id":3960,"date":"2024-03-26T07:11:25","date_gmt":"2024-03-26T06:11:25","guid":{"rendered":"https:\/\/www.superkolesa.sk\/?post_type=product&#038;p=3960"},"modified":"2024-03-26T07:11:25","modified_gmt":"2024-03-26T06:11:25","slug":"dijon-orig-alu-disky-vw-5x112-6jx-r17-et-48-205-50-17-letne","status":"publish","type":"product","link":"https:\/\/www.superkolesa.sk\/index.php\/product\/dijon-orig-alu-disky-vw-5x112-6jx-r17-et-48-205-50-17-letne\/","title":{"rendered":"DIJON orig Alu disky VW 5&#215;112 6jx r17 ET 48 205 50 17 Letn\u00e9"},"content":{"rendered":"","protected":false},"excerpt":{"rendered":"<p><b>Cena 630\u20ac<\/b><\/p>\n<p><b>DIJON orig Alu disky VW 5&#215;112<span class=\"Apple-converted-space\">\u00a0<\/span><\/b><\/p>\n<p><b>6Jx r17 ET 48<\/b><\/p>\n<p>Pneu 205 50 R17 letn\u00e9<\/p>\n<p>4&#215;6-5mm letn\u00e9<\/p>\n<p>Stredov\u00e1 diera 57,1mm<span class=\"Apple-converted-space\">\u00a0<\/span><\/p>\n<p>Vhodn\u00e9 pre<span class=\"Apple-converted-space\">\u00a0<\/span><\/p>\n<p><span class=\"Apple-converted-space\">\u00a0<\/span>Octavia II,Superb<\/p>\n<p>VW golf Touran<\/p>\n<p><span class=\"Apple-converted-space\">\u00a0<\/span>Seat Toledo Leon<span class=\"Apple-converted-space\">\u00a0<\/span><\/p>\n<p><span class=\"Apple-converted-space\">\u00a0<\/span>Audi A3 A4<br \/>\nMo\u017enos\u0165 posla\u0165 dobierkou cena dobierky +50\u20ac<\/p>\n<p>Pozri v\u0161etky moje inzer\u00e1ty a\u00a0hodnotenia<\/p>\n<p>Alebo daj do vyh\u013ead\u00e1va\u010da moje tel. \u010d\u00edslo a uk\u00e1\u017ee moje aktu\u00e1lne ponuky<\/p>\n<p>cena 630\u20ac<span class=\"Apple-converted-space\">\u00a0<\/span><\/p>\n","protected":false},"featured_media":3961,"comment_status":"open","ping_status":"closed","template":"","meta":[],"product_cat":[61,54,52,53],"product_tag":[],"class_list":{"0":"post-3960","1":"product","2":"type-product","3":"status-publish","4":"has-post-thumbnail","6":"product_cat-61","7":"product_cat-seat","8":"product_cat-skoda","9":"product_cat-vw","11":"first","12":"instock","13":"sale","14":"shipping-taxable","15":"purchasable","16":"product-type-simple"},"_links":{"self":[{"href":"https:\/\/www.superkolesa.sk\/index.php\/wp-json\/wp\/v2\/product\/3960","targetHints":{"allow":["GET"]}}],"collection":[{"href":"https:\/\/www.superkolesa.sk\/index.php\/wp-json\/wp\/v2\/product"}],"about":[{"href":"https:\/\/www.superkolesa.sk\/index.php\/wp-json\/wp\/v2\/types\/product"}],"replies":[{"embeddable":true,"href":"https:\/\/www.superkolesa.sk\/index.php\/wp-json\/wp\/v2\/comments?post=3960"}],"wp:featuredmedia":[{"embeddable":true,"href":"https:\/\/www.superkolesa.sk\/index.php\/wp-json\/wp\/v2\/media\/3961"}],"wp:attachment":[{"href":"https:\/\/www.superkolesa.sk\/index.php\/wp-json\/wp\/v2\/media?parent=3960"}],"wp:term":[{"taxonomy":"product_cat","embeddable":true,"href":"https:\/\/www.superkolesa.sk\/index.php\/wp-json\/wp\/v2\/product_cat?post=3960"},{"taxonomy":"product_tag","embeddable":true,"href":"https:\/\/www.superkolesa.sk\/index.php\/wp-json\/wp\/v2\/product_tag?post=3960"}],"curies":[{"name":"wp","href":"https:\/\/api.w.org\/{rel}","templated":true}]}}