{"id":4210,"date":"2024-04-17T23:25:01","date_gmt":"2024-04-17T21:25:01","guid":{"rendered":"https:\/\/www.superkolesa.sk\/?post_type=product&#038;p=4210"},"modified":"2024-04-17T23:25:01","modified_gmt":"2024-04-17T21:25:01","slug":"helsinki-vw-passat-b8-5x112-215-55-17-celorocne","status":"publish","type":"product","link":"https:\/\/www.superkolesa.sk\/index.php\/product\/helsinki-vw-passat-b8-5x112-215-55-17-celorocne\/","title":{"rendered":"Helsinki VW PASSAT B8 5&#215;112 215 55 17 celoro\u010dn\u00e9"},"content":{"rendered":"","protected":false},"excerpt":{"rendered":"<p><b>Cena 650\u20ac<\/b><\/p>\n<p>Helsinki <b>orig Alu disky VW PASSAT B8<span class=\"Apple-converted-space\">\u00a0<\/span><\/b><\/p>\n<p><b>5&#215;112<span class=\"Apple-converted-space\">\u00a0<\/span><\/b><\/p>\n<p><b>6,5<\/b>J x R17<span class=\"Apple-converted-space\">\u00a0 <\/span>ET 41<\/p>\n<p>Pneu 4x 6mm <b>celoro\u010dn\u00e9<\/b><\/p>\n<p>215 55 R17 <b>celoro\u010dn\u00e9<\/b><\/p>\n<p>M\u00f4\u017eem tam aj prehodi\u0165 in\u00e9 pneu , treba vola\u0165 a dohodneme sa.<br \/>\nVhodn\u00e9 pre<span class=\"Apple-converted-space\">\u00a0<\/span><\/p>\n<p>Skoda Superb Octavia II,<\/p>\n<p>VW, Seat<\/p>\n<p>Mo\u017enos\u0165 posla\u0165 dobierkou cena za kur\u00e9ira + 50\u20ac<span class=\"Apple-converted-space\">\u00a0<\/span><\/p>\n<p>Pozri v\u0161etky moje inzer\u00e1ty a\u00a0hodnotenia<\/p>\n<p>Alebo daj do vyh\u013ead\u00e1va\u010da moje tel. \u010d\u00edslo a uk\u00e1\u017ee moje aktu\u00e1lne ponuky<\/p>\n<p>Cena 650\u20ac<\/p>\n","protected":false},"featured_media":4211,"comment_status":"open","ping_status":"closed","template":"","meta":[],"product_cat":[61,54,52,53],"product_tag":[],"class_list":{"0":"post-4210","1":"product","2":"type-product","3":"status-publish","4":"has-post-thumbnail","6":"product_cat-61","7":"product_cat-seat","8":"product_cat-skoda","9":"product_cat-vw","11":"first","12":"instock","13":"sale","14":"shipping-taxable","15":"purchasable","16":"product-type-simple"},"_links":{"self":[{"href":"https:\/\/www.superkolesa.sk\/index.php\/wp-json\/wp\/v2\/product\/4210","targetHints":{"allow":["GET"]}}],"collection":[{"href":"https:\/\/www.superkolesa.sk\/index.php\/wp-json\/wp\/v2\/product"}],"about":[{"href":"https:\/\/www.superkolesa.sk\/index.php\/wp-json\/wp\/v2\/types\/product"}],"replies":[{"embeddable":true,"href":"https:\/\/www.superkolesa.sk\/index.php\/wp-json\/wp\/v2\/comments?post=4210"}],"wp:featuredmedia":[{"embeddable":true,"href":"https:\/\/www.superkolesa.sk\/index.php\/wp-json\/wp\/v2\/media\/4211"}],"wp:attachment":[{"href":"https:\/\/www.superkolesa.sk\/index.php\/wp-json\/wp\/v2\/media?parent=4210"}],"wp:term":[{"taxonomy":"product_cat","embeddable":true,"href":"https:\/\/www.superkolesa.sk\/index.php\/wp-json\/wp\/v2\/product_cat?post=4210"},{"taxonomy":"product_tag","embeddable":true,"href":"https:\/\/www.superkolesa.sk\/index.php\/wp-json\/wp\/v2\/product_tag?post=4210"}],"curies":[{"name":"wp","href":"https:\/\/api.w.org\/{rel}","templated":true}]}}