{"id":4221,"date":"2024-04-17T23:32:32","date_gmt":"2024-04-17T21:32:32","guid":{"rendered":"https:\/\/www.superkolesa.sk\/?post_type=product&#038;p=4221"},"modified":"2024-04-17T23:32:32","modified_gmt":"2024-04-17T21:32:32","slug":"montery-schwarz-r-line-vw-passat-8b-5x112-8-x18-et-44-vw","status":"publish","type":"product","link":"https:\/\/www.superkolesa.sk\/index.php\/product\/montery-schwarz-r-line-vw-passat-8b-5x112-8-x18-et-44-vw\/","title":{"rendered":"MONTERY SCHWARZ R-LINE VW Passat 8B 5&#215;112  8 x18   ET 44 VW"},"content":{"rendered":"","protected":false},"excerpt":{"rendered":"<p>Cena 970\u20ac<span class=\"Apple-converted-space\">\u00a0<\/span><\/p>\n<p>MONTERY SCHWARZ <b>Orig.VW Passat 8B R-LINE<span class=\"Apple-converted-space\">\u00a0 \u00a0<\/span><\/b><\/p>\n<p><b>5&#215;112<span class=\"Apple-converted-space\">\u00a0<\/span><\/b><\/p>\n<p><b><span class=\"Apple-converted-space\">\u00a0<\/span>8 x18<span class=\"Apple-converted-space\">\u00a0 <\/span>ET 44 VW<span class=\"Apple-converted-space\">\u00a0<\/span><\/b><\/p>\n<p><b>Pneu 235 45 R18 letn\u00e9<span class=\"Apple-converted-space\">\u00a0<\/span><\/b><\/p>\n<p><b>2x7mm 2x5mm <span class=\"Apple-converted-space\">\u00a0<\/span><\/b><\/p>\n<p><b>VW Passat B8 Sharan Golf Seat Leon Alhambra<span class=\"Apple-converted-space\">\u00a0 <\/span>ARTEON<\/b><\/p>\n<p>vhodn\u00e9 pre Skoda,seat,audi<\/p>\n<p>mo\u017enos\u0165 aj posla\u0165 na dobierku.cena dobierky +45\u20ac<\/p>\n<p><b>POZRI V\u0160ETKY MOJE INZERATY A\u00a0HODNOTENIA V\u00a0PRAVO DOLE<span class=\"Apple-converted-space\">\u00a0<\/span><\/b><\/p>\n<p><b>Alebo daj do vyh\u013eadava\u010da Bazo\u0161u moje tel. \u010d. a\u00a0uk\u00e1\u017ee v\u0161etky moje ponuky.<\/b><\/p>\n<p><b>Cena 970<\/b>\u20ac<\/p>\n","protected":false},"featured_media":4222,"comment_status":"open","ping_status":"closed","template":"","meta":[],"product_cat":[62,54,52,53],"product_tag":[],"class_list":{"0":"post-4221","1":"product","2":"type-product","3":"status-publish","4":"has-post-thumbnail","6":"product_cat-62","7":"product_cat-seat","8":"product_cat-skoda","9":"product_cat-vw","11":"first","12":"instock","13":"sale","14":"shipping-taxable","15":"purchasable","16":"product-type-simple"},"_links":{"self":[{"href":"https:\/\/www.superkolesa.sk\/index.php\/wp-json\/wp\/v2\/product\/4221","targetHints":{"allow":["GET"]}}],"collection":[{"href":"https:\/\/www.superkolesa.sk\/index.php\/wp-json\/wp\/v2\/product"}],"about":[{"href":"https:\/\/www.superkolesa.sk\/index.php\/wp-json\/wp\/v2\/types\/product"}],"replies":[{"embeddable":true,"href":"https:\/\/www.superkolesa.sk\/index.php\/wp-json\/wp\/v2\/comments?post=4221"}],"wp:featuredmedia":[{"embeddable":true,"href":"https:\/\/www.superkolesa.sk\/index.php\/wp-json\/wp\/v2\/media\/4222"}],"wp:attachment":[{"href":"https:\/\/www.superkolesa.sk\/index.php\/wp-json\/wp\/v2\/media?parent=4221"}],"wp:term":[{"taxonomy":"product_cat","embeddable":true,"href":"https:\/\/www.superkolesa.sk\/index.php\/wp-json\/wp\/v2\/product_cat?post=4221"},{"taxonomy":"product_tag","embeddable":true,"href":"https:\/\/www.superkolesa.sk\/index.php\/wp-json\/wp\/v2\/product_tag?post=4221"}],"curies":[{"name":"wp","href":"https:\/\/api.w.org\/{rel}","templated":true}]}}