{"id":4304,"date":"2024-04-21T15:25:16","date_gmt":"2024-04-21T13:25:16","guid":{"rendered":"https:\/\/www.superkolesa.sk\/?post_type=product&#038;p=4304"},"modified":"2024-04-21T15:25:16","modified_gmt":"2024-04-21T13:25:16","slug":"accessories-origina-skoda-alu-disky-z-octvia-iv-215-55-r17","status":"publish","type":"product","link":"https:\/\/www.superkolesa.sk\/index.php\/product\/accessories-origina-skoda-alu-disky-z-octvia-iv-215-55-r17\/","title":{"rendered":"ACCESSORIES  origin\u00e1 \u0161koda alu disky z Octvia IV 215 55 R17"},"content":{"rendered":"","protected":false},"excerpt":{"rendered":"<p>Cena 520\u20ac<span class=\"Apple-converted-space\">\u00a0<\/span><\/p>\n<p>Origin\u00e1 \u0161koda alu disky<\/p>\n<p>6.5&#215;17 et38<\/p>\n<p>5&#215;112<span class=\"Apple-converted-space\">\u00a0<\/span><\/p>\n<p>215 55 R17<span class=\"Apple-converted-space\">\u00a0<\/span><\/p>\n<p>Pneu<span class=\"Apple-converted-space\">\u00a0 <\/span>2x 6 mm 2x4mm Letn\u00e9<\/p>\n<p>Vhodn\u00e9 pre<span class=\"Apple-converted-space\">\u00a0<\/span><\/p>\n<p>Skoda KAROQ SUPERB<span class=\"Apple-converted-space\">\u00a0<\/span><\/p>\n<p>Seat ATECA<span class=\"Apple-converted-space\">\u00a0<\/span><\/p>\n<p>VW TOURAN<span class=\"Apple-converted-space\">\u00a0 <\/span>PASSAT B8<\/p>\n<p>Mo\u017enos\u0165 posla\u0165 dobierkou, cena dobierky +50\u20ac<span class=\"Apple-converted-space\">\u00a0<\/span><\/p>\n<p>Cena 520\u20ac<\/p>\n","protected":false},"featured_media":4305,"comment_status":"open","ping_status":"closed","template":"","meta":[],"product_cat":[61,54,52,53],"product_tag":[],"class_list":{"0":"post-4304","1":"product","2":"type-product","3":"status-publish","4":"has-post-thumbnail","6":"product_cat-61","7":"product_cat-seat","8":"product_cat-skoda","9":"product_cat-vw","11":"first","12":"instock","13":"sale","14":"shipping-taxable","15":"purchasable","16":"product-type-simple"},"_links":{"self":[{"href":"https:\/\/www.superkolesa.sk\/index.php\/wp-json\/wp\/v2\/product\/4304","targetHints":{"allow":["GET"]}}],"collection":[{"href":"https:\/\/www.superkolesa.sk\/index.php\/wp-json\/wp\/v2\/product"}],"about":[{"href":"https:\/\/www.superkolesa.sk\/index.php\/wp-json\/wp\/v2\/types\/product"}],"replies":[{"embeddable":true,"href":"https:\/\/www.superkolesa.sk\/index.php\/wp-json\/wp\/v2\/comments?post=4304"}],"wp:featuredmedia":[{"embeddable":true,"href":"https:\/\/www.superkolesa.sk\/index.php\/wp-json\/wp\/v2\/media\/4305"}],"wp:attachment":[{"href":"https:\/\/www.superkolesa.sk\/index.php\/wp-json\/wp\/v2\/media?parent=4304"}],"wp:term":[{"taxonomy":"product_cat","embeddable":true,"href":"https:\/\/www.superkolesa.sk\/index.php\/wp-json\/wp\/v2\/product_cat?post=4304"},{"taxonomy":"product_tag","embeddable":true,"href":"https:\/\/www.superkolesa.sk\/index.php\/wp-json\/wp\/v2\/product_tag?post=4304"}],"curies":[{"name":"wp","href":"https:\/\/api.w.org\/{rel}","templated":true}]}}