{"id":4501,"date":"2024-05-27T10:02:19","date_gmt":"2024-05-27T08:02:19","guid":{"rendered":"https:\/\/www.superkolesa.sk\/?post_type=product&#038;p=4501"},"modified":"2024-05-27T10:02:19","modified_gmt":"2024-05-27T08:02:19","slug":"toyota-toyota-gt86-a-subaru-brz-215-45-17-5x100","status":"publish","type":"product","link":"https:\/\/www.superkolesa.sk\/index.php\/product\/toyota-toyota-gt86-a-subaru-brz-215-45-17-5x100\/","title":{"rendered":"Toyota Toyota GT86 a Subaru BRZ 215 45 17 5&#215;100"},"content":{"rendered":"","protected":false},"excerpt":{"rendered":"<p>Cena 530<\/p>\n<p><b>Toyota GT86 a Subaru BRZ<span class=\"Apple-converted-space\">\u00a0<\/span><\/b><\/p>\n<p><b>215 45 17<span class=\"Apple-converted-space\">\u00a0<\/span><\/b><\/p>\n<p><b>5&#215;100<span class=\"Apple-converted-space\">\u00a0<\/span><\/b><\/p>\n<p><b>7jx17<span class=\"Apple-converted-space\">\u00a0 <\/span>ET 48<\/b><\/p>\n<p>Pneu 2x6mm 2x 3mm letn\u00e9<span class=\"Apple-converted-space\">\u00a0<\/span><\/p>\n<p>Vhodn\u00e9 pre<span class=\"Apple-converted-space\">\u00a0<\/span><\/p>\n<p>Toyota <b>GT86 a Subaru BRZ<\/b><\/p>\n<p>Skoda Octavia 1 , Rapid ,Fabia Scala<span class=\"Apple-converted-space\">\u00a0<\/span><\/p>\n<p>Seat Ibiza<br \/>\nMo\u017enos\u0165 posla\u0165 dobierkou cena dobierky +50\u20ac<\/p>\n<p>Pozri v\u0161etky moje inzer\u00e1ty a\u00a0hodnotenia<\/p>\n<p>Alebo daj do vyh\u013ead\u00e1va\u010da moje tel. \u010d\u00edslo a uk\u00e1\u017ee moje aktu\u00e1lne ponuky<\/p>\n<p>cena 530\u20ac<span class=\"Apple-converted-space\">\u00a0<\/span><\/p>\n","protected":false},"featured_media":4502,"comment_status":"open","ping_status":"closed","template":"","meta":[],"product_cat":[61,54,52,57,53],"product_tag":[],"class_list":{"0":"post-4501","1":"product","2":"type-product","3":"status-publish","4":"has-post-thumbnail","6":"product_cat-61","7":"product_cat-seat","8":"product_cat-skoda","9":"product_cat-toyota","10":"product_cat-vw","12":"first","13":"instock","14":"shipping-taxable","15":"purchasable","16":"product-type-simple"},"_links":{"self":[{"href":"https:\/\/www.superkolesa.sk\/index.php\/wp-json\/wp\/v2\/product\/4501","targetHints":{"allow":["GET"]}}],"collection":[{"href":"https:\/\/www.superkolesa.sk\/index.php\/wp-json\/wp\/v2\/product"}],"about":[{"href":"https:\/\/www.superkolesa.sk\/index.php\/wp-json\/wp\/v2\/types\/product"}],"replies":[{"embeddable":true,"href":"https:\/\/www.superkolesa.sk\/index.php\/wp-json\/wp\/v2\/comments?post=4501"}],"wp:featuredmedia":[{"embeddable":true,"href":"https:\/\/www.superkolesa.sk\/index.php\/wp-json\/wp\/v2\/media\/4502"}],"wp:attachment":[{"href":"https:\/\/www.superkolesa.sk\/index.php\/wp-json\/wp\/v2\/media?parent=4501"}],"wp:term":[{"taxonomy":"product_cat","embeddable":true,"href":"https:\/\/www.superkolesa.sk\/index.php\/wp-json\/wp\/v2\/product_cat?post=4501"},{"taxonomy":"product_tag","embeddable":true,"href":"https:\/\/www.superkolesa.sk\/index.php\/wp-json\/wp\/v2\/product_tag?post=4501"}],"curies":[{"name":"wp","href":"https:\/\/api.w.org\/{rel}","templated":true}]}}