{"id":4659,"date":"2024-06-17T23:46:22","date_gmt":"2024-06-17T21:46:22","guid":{"rendered":"https:\/\/www.superkolesa.sk\/?post_type=product&#038;p=4659"},"modified":"2024-06-17T23:46:22","modified_gmt":"2024-06-17T21:46:22","slug":"vega-org-skoda-kamiq-rs-5x100-7jx18-et-39-vw-seat","status":"publish","type":"product","link":"https:\/\/www.superkolesa.sk\/index.php\/product\/vega-org-skoda-kamiq-rs-5x100-7jx18-et-39-vw-seat\/","title":{"rendered":"VEGA org. skoda. Kamiq  RS 5&#215;100 7jx18 ET 39 VW Seat"},"content":{"rendered":"","protected":false},"excerpt":{"rendered":"<p>Cena 890\u20ac<\/p>\n<p><b>VEGA original<span class=\"Apple-converted-space\">\u00a0 <\/span>skoda alu disky KANIQ <span class=\"Apple-converted-space\">\u00a0<\/span><\/b><\/p>\n<p><b>5&#215;100<span class=\"Apple-converted-space\">\u00a0 <\/span>7jx18 ET 39<\/b><\/p>\n<p>Pneu 215 45 R18 letn\u00e9<\/p>\n<p>2x7mm 2x6mm<span class=\"Apple-converted-space\">\u00a0<\/span><\/p>\n<p>Vhodn\u00e9 pre KANIQ SCALA<\/p>\n<p>VW T-Cross<\/p>\n<p>SEAT ARONA<span class=\"Apple-converted-space\">\u00a0<\/span><\/p>\n<p>Vyv\u00e1\u017een\u00e9 len da\u0165 na auto a jazdi\u0165<span class=\"Apple-converted-space\">\u00a0<\/span><\/p>\n<p>mo\u017enos\u0165 aj posla\u0165 na dobierku. +45\u20ac<\/p>\n<p><b>POZRI V\u0160ETKY MOJE INZERATY A\u00a0HODNOTENIA V\u00a0PRAVO DOLE<span class=\"Apple-converted-space\">\u00a0<\/span><\/b><\/p>\n<p><b>Alebo daj do vyh\u013eadava\u010da Bazo\u0161u moje tel. \u010d. a\u00a0uk\u00e1\u017ee v\u0161etky moje ponuky.<\/b><\/p>\n<p><b>Cena 890<\/b>\u20ac<\/p>\n","protected":false},"featured_media":4660,"comment_status":"open","ping_status":"closed","template":"","meta":[],"product_cat":[62,54,52,53],"product_tag":[],"class_list":{"0":"post-4659","1":"product","2":"type-product","3":"status-publish","4":"has-post-thumbnail","6":"product_cat-62","7":"product_cat-seat","8":"product_cat-skoda","9":"product_cat-vw","11":"first","12":"instock","13":"shipping-taxable","14":"purchasable","15":"product-type-simple"},"_links":{"self":[{"href":"https:\/\/www.superkolesa.sk\/index.php\/wp-json\/wp\/v2\/product\/4659","targetHints":{"allow":["GET"]}}],"collection":[{"href":"https:\/\/www.superkolesa.sk\/index.php\/wp-json\/wp\/v2\/product"}],"about":[{"href":"https:\/\/www.superkolesa.sk\/index.php\/wp-json\/wp\/v2\/types\/product"}],"replies":[{"embeddable":true,"href":"https:\/\/www.superkolesa.sk\/index.php\/wp-json\/wp\/v2\/comments?post=4659"}],"wp:featuredmedia":[{"embeddable":true,"href":"https:\/\/www.superkolesa.sk\/index.php\/wp-json\/wp\/v2\/media\/4660"}],"wp:attachment":[{"href":"https:\/\/www.superkolesa.sk\/index.php\/wp-json\/wp\/v2\/media?parent=4659"}],"wp:term":[{"taxonomy":"product_cat","embeddable":true,"href":"https:\/\/www.superkolesa.sk\/index.php\/wp-json\/wp\/v2\/product_cat?post=4659"},{"taxonomy":"product_tag","embeddable":true,"href":"https:\/\/www.superkolesa.sk\/index.php\/wp-json\/wp\/v2\/product_tag?post=4659"}],"curies":[{"name":"wp","href":"https:\/\/api.w.org\/{rel}","templated":true}]}}