{"id":4692,"date":"2024-07-03T10:49:06","date_gmt":"2024-07-03T08:49:06","guid":{"rendered":"https:\/\/www.superkolesa.sk\/?post_type=product&#038;p=4692"},"modified":"2024-07-03T10:49:06","modified_gmt":"2024-07-03T08:49:06","slug":"org-audi-s-line-8jxr19-et-34-235-50-r19-skoda-mercedes-vw","status":"publish","type":"product","link":"https:\/\/www.superkolesa.sk\/index.php\/product\/org-audi-s-line-8jxr19-et-34-235-50-r19-skoda-mercedes-vw\/","title":{"rendered":"Org. AUDI S-line 8jxR19 ET 34 235 50 R19 Skoda Mercedes  VW"},"content":{"rendered":"","protected":false},"excerpt":{"rendered":"<p>Cena 590\u20ac 14.800K\u010d<\/p>\n<p>Disky s\u00fa nov\u00e9.. nikdy neboli po\u017eit\u00e9 na aute<span class=\"Apple-converted-space\">\u00a0<\/span><\/p>\n<p>Kr\u00e1sne koles\u00e1<span class=\"Apple-converted-space\">\u00a0<\/span><\/p>\n<p>Org. AUDI S-line 8jxR19 ET 34<span class=\"Apple-converted-space\">\u00a0<\/span><\/p>\n<p>235 50 R19 Mercedes AUDI SKODA <span class=\"Apple-converted-space\">\u00a0 <\/span>VW<span class=\"Apple-converted-space\">\u00a0<\/span><\/p>\n<p>4x5mm<span class=\"Apple-converted-space\">\u00a0 <\/span>letn\u00e9<span class=\"Apple-converted-space\">\u00a0<\/span><\/p>\n<p>Stredov\u00e1 diera 66,6mm<span class=\"Apple-converted-space\">\u00a0<\/span><\/p>\n<p>vhodn\u00e9 BMW X3 X4 X5 nov\u00e9 modely<span class=\"Apple-converted-space\">\u00a0<\/span><\/p>\n<p>Pasuje aj na<\/p>\n<p>AUDI A4 A6 A7<span class=\"Apple-converted-space\">\u00a0<\/span><\/p>\n<p><span class=\"Apple-converted-space\">\u00a0<\/span>Audi Q3 Q5 Q7<span class=\"Apple-converted-space\">\u00a0<\/span><\/p>\n<p>VW TIGUAN ARTEON<span class=\"Apple-converted-space\">\u00a0 <\/span>PASSAT Touareg<span class=\"Apple-converted-space\">\u00a0<\/span><\/p>\n<p>\u0160kodaKODIAQ<span class=\"Apple-converted-space\">\u00a0<\/span><\/p>\n<p>Seat TARRACO<\/p>\n<p>Merceds GLC GLE<span class=\"Apple-converted-space\">\u00a0 <\/span>V Klase <span class=\"Apple-converted-space\">\u00a0 <\/span>ML a in\u00e9<\/p>\n<p>BMW X3 X4<span class=\"Apple-converted-space\">\u00a0<\/span><\/p>\n<p>mo\u017enos\u0165 aj posla\u0165 na dobierku.+50\u20ac<\/p>\n<p>Cena 59<b>0<\/b>\u20ac 14.800K\u010d<\/p>\n","protected":false},"featured_media":4693,"comment_status":"open","ping_status":"closed","template":"","meta":[],"product_cat":[63,55,65,64,54,52,53],"product_tag":[],"class_list":{"0":"post-4692","1":"product","2":"type-product","3":"status-publish","4":"has-post-thumbnail","6":"product_cat-63","7":"product_cat-audi","8":"product_cat-bmw","9":"product_cat-mercedes","10":"product_cat-seat","11":"product_cat-skoda","12":"product_cat-vw","14":"first","15":"instock","16":"sale","17":"shipping-taxable","18":"purchasable","19":"product-type-simple"},"_links":{"self":[{"href":"https:\/\/www.superkolesa.sk\/index.php\/wp-json\/wp\/v2\/product\/4692","targetHints":{"allow":["GET"]}}],"collection":[{"href":"https:\/\/www.superkolesa.sk\/index.php\/wp-json\/wp\/v2\/product"}],"about":[{"href":"https:\/\/www.superkolesa.sk\/index.php\/wp-json\/wp\/v2\/types\/product"}],"replies":[{"embeddable":true,"href":"https:\/\/www.superkolesa.sk\/index.php\/wp-json\/wp\/v2\/comments?post=4692"}],"wp:featuredmedia":[{"embeddable":true,"href":"https:\/\/www.superkolesa.sk\/index.php\/wp-json\/wp\/v2\/media\/4693"}],"wp:attachment":[{"href":"https:\/\/www.superkolesa.sk\/index.php\/wp-json\/wp\/v2\/media?parent=4692"}],"wp:term":[{"taxonomy":"product_cat","embeddable":true,"href":"https:\/\/www.superkolesa.sk\/index.php\/wp-json\/wp\/v2\/product_cat?post=4692"},{"taxonomy":"product_tag","embeddable":true,"href":"https:\/\/www.superkolesa.sk\/index.php\/wp-json\/wp\/v2\/product_tag?post=4692"}],"curies":[{"name":"wp","href":"https:\/\/api.w.org\/{rel}","templated":true}]}}