{"id":4908,"date":"2024-08-19T21:57:33","date_gmt":"2024-08-19T19:57:33","guid":{"rendered":"https:\/\/www.superkolesa.sk\/?post_type=product&#038;p=4908"},"modified":"2024-08-19T21:57:34","modified_gmt":"2024-08-19T19:57:34","slug":"orig-alu-disky-audi-a4-a5-5x112-8j-x18-et-25-245-40-r18-letne","status":"publish","type":"product","link":"https:\/\/www.superkolesa.sk\/index.php\/product\/orig-alu-disky-audi-a4-a5-5x112-8j-x18-et-25-245-40-r18-letne\/","title":{"rendered":"Orig. alu disky. AUDI A4 A5  5&#215;112 8J x18 ET 25  245 40 R18 Letn\u00e9"},"content":{"rendered":"","protected":false},"excerpt":{"rendered":"<p>Cena 690\u20ac<\/p>\n<p><b>Orig. alu disky. AUDI<span class=\"Apple-converted-space\">\u00a0 <\/span>5&#215;112 8J x18 ET 25<span class=\"Apple-converted-space\">\u00a0<\/span><\/b><\/p>\n<p><b>TOP STAV !!! <span class=\"Apple-converted-space\">\u00a0<\/span><\/b><\/p>\n<p>mo\u017enos\u0165 aj posla\u0165 na dobierku. Cena +50\u20ac<span class=\"Apple-converted-space\">\u00a0<\/span><\/p>\n<p>Pneu 245 40 R18 2x8mm 2x6mm letn\u00e9<\/p>\n<p>Vhodn\u00e9 pre<span class=\"Apple-converted-space\">\u00a0<\/span><\/p>\n<p>Audi A4 A5 A7<span class=\"Apple-converted-space\">\u00a0<\/span><\/p>\n<p>Q2 Q3 Q7<\/p>\n<p>VW TOUAREG<span class=\"Apple-converted-space\">\u00a0<\/span><\/p>\n<p><b>POZRI V\u0160ETKY MOJE INZERATY A\u00a0HODNOTENIA V\u00a0PRAVO DOLE<span class=\"Apple-converted-space\">\u00a0<\/span><\/b><\/p>\n<p><b>Alebo daj do vyh\u013eadava\u010da Bazo\u0161u moje tel. \u010d. a\u00a0uk\u00e1\u017ee v\u0161etky moje ponuky.<\/b><\/p>\n<p><b>Cena 690<\/b>\u20ac<\/p>\n","protected":false},"featured_media":4909,"comment_status":"open","ping_status":"closed","template":"","meta":[],"product_cat":[62,55,64,54,52,53],"product_tag":[],"class_list":{"0":"post-4908","1":"product","2":"type-product","3":"status-publish","4":"has-post-thumbnail","6":"product_cat-62","7":"product_cat-audi","8":"product_cat-mercedes","9":"product_cat-seat","10":"product_cat-skoda","11":"product_cat-vw","13":"first","14":"instock","15":"shipping-taxable","16":"purchasable","17":"product-type-simple"},"_links":{"self":[{"href":"https:\/\/www.superkolesa.sk\/index.php\/wp-json\/wp\/v2\/product\/4908","targetHints":{"allow":["GET"]}}],"collection":[{"href":"https:\/\/www.superkolesa.sk\/index.php\/wp-json\/wp\/v2\/product"}],"about":[{"href":"https:\/\/www.superkolesa.sk\/index.php\/wp-json\/wp\/v2\/types\/product"}],"replies":[{"embeddable":true,"href":"https:\/\/www.superkolesa.sk\/index.php\/wp-json\/wp\/v2\/comments?post=4908"}],"wp:featuredmedia":[{"embeddable":true,"href":"https:\/\/www.superkolesa.sk\/index.php\/wp-json\/wp\/v2\/media\/4909"}],"wp:attachment":[{"href":"https:\/\/www.superkolesa.sk\/index.php\/wp-json\/wp\/v2\/media?parent=4908"}],"wp:term":[{"taxonomy":"product_cat","embeddable":true,"href":"https:\/\/www.superkolesa.sk\/index.php\/wp-json\/wp\/v2\/product_cat?post=4908"},{"taxonomy":"product_tag","embeddable":true,"href":"https:\/\/www.superkolesa.sk\/index.php\/wp-json\/wp\/v2\/product_tag?post=4908"}],"curies":[{"name":"wp","href":"https:\/\/api.w.org\/{rel}","templated":true}]}}