{"id":4919,"date":"2024-08-21T17:16:31","date_gmt":"2024-08-21T15:16:31","guid":{"rendered":"https:\/\/www.superkolesa.sk\/?post_type=product&#038;p=4919"},"modified":"2024-08-21T17:16:31","modified_gmt":"2024-08-21T15:16:31","slug":"phoenix-trinity-orig-skoda-superb3v-5x112-8j-x19-et-44-vw","status":"publish","type":"product","link":"https:\/\/www.superkolesa.sk\/index.php\/product\/phoenix-trinity-orig-skoda-superb3v-5x112-8j-x19-et-44-vw\/","title":{"rendered":"Phoenix Trinity..orig.skoda Superb3V  5&#215;112  8j x19   ET 44 VW"},"content":{"rendered":"","protected":false},"excerpt":{"rendered":"<p>Pred\u00e1m<span class=\"Apple-converted-space\">\u00a0<\/span><\/p>\n<p>Kr\u00e1sne \u010dierne leskl\u00e9 disky<span class=\"Apple-converted-space\">\u00a0<\/span><\/p>\n<p><span class=\"Apple-converted-space\">\u00a0<\/span>Phoenix Trinity orig.skoda Superb3V<\/p>\n<p>VW volkswagen ARTEON PASSAT<span class=\"Apple-converted-space\">\u00a0<\/span><\/p>\n<p>Kodiaq Karoq<span class=\"Apple-converted-space\">\u00a0<\/span><\/p>\n<p>Seat Leon Tarraco a in\u00e9<span class=\"Apple-converted-space\">\u00a0<\/span><\/p>\n<p>5&#215;112 8j xR19 ET 44 VW<\/p>\n<p>Moment\u00e1lne s\u00fa na diskoch pneu 235 40 R19 2x 8mm 2x5mm letn\u00e9<span class=\"Apple-converted-space\">\u00a0<\/span><\/p>\n<p>podobne ako Triglav Vega Sirius<span class=\"Apple-converted-space\">\u00a0<\/span><\/p>\n<p>Mo\u017enos\u0165 obutia na r\u00f4zne rozmery zimn\u00fdch alebo letn\u00fdch pneu<span class=\"Apple-converted-space\">\u00a0<\/span><\/p>\n<p>225 35 R19<\/p>\n<p>235 40 R19<\/p>\n<p>245 45 R19<\/p>\n<p>235 50 R19 cena za pneu po dohode<span class=\"Apple-converted-space\">\u00a0<\/span><\/p>\n<p>Mo\u017enos\u0165 aj posla\u0165 na dobierku-cena kuriera +50\u20ac<span class=\"Apple-converted-space\">\u00a0<\/span><\/p>\n<p>Cena 1199\u20ac<\/p>\n","protected":false},"featured_media":4920,"comment_status":"open","ping_status":"closed","template":"","meta":[],"product_cat":[63,54,52,53],"product_tag":[],"class_list":{"0":"post-4919","1":"product","2":"type-product","3":"status-publish","4":"has-post-thumbnail","6":"product_cat-63","7":"product_cat-seat","8":"product_cat-skoda","9":"product_cat-vw","11":"first","12":"instock","13":"shipping-taxable","14":"purchasable","15":"product-type-simple"},"_links":{"self":[{"href":"https:\/\/www.superkolesa.sk\/index.php\/wp-json\/wp\/v2\/product\/4919","targetHints":{"allow":["GET"]}}],"collection":[{"href":"https:\/\/www.superkolesa.sk\/index.php\/wp-json\/wp\/v2\/product"}],"about":[{"href":"https:\/\/www.superkolesa.sk\/index.php\/wp-json\/wp\/v2\/types\/product"}],"replies":[{"embeddable":true,"href":"https:\/\/www.superkolesa.sk\/index.php\/wp-json\/wp\/v2\/comments?post=4919"}],"wp:featuredmedia":[{"embeddable":true,"href":"https:\/\/www.superkolesa.sk\/index.php\/wp-json\/wp\/v2\/media\/4920"}],"wp:attachment":[{"href":"https:\/\/www.superkolesa.sk\/index.php\/wp-json\/wp\/v2\/media?parent=4919"}],"wp:term":[{"taxonomy":"product_cat","embeddable":true,"href":"https:\/\/www.superkolesa.sk\/index.php\/wp-json\/wp\/v2\/product_cat?post=4919"},{"taxonomy":"product_tag","embeddable":true,"href":"https:\/\/www.superkolesa.sk\/index.php\/wp-json\/wp\/v2\/product_tag?post=4919"}],"curies":[{"name":"wp","href":"https:\/\/api.w.org\/{rel}","templated":true}]}}