{"id":5093,"date":"2024-10-02T21:42:17","date_gmt":"2024-10-02T19:42:17","guid":{"rendered":"https:\/\/www.superkolesa.sk\/?post_type=product&#038;p=5093"},"modified":"2024-10-02T21:42:18","modified_gmt":"2024-10-02T19:42:18","slug":"frankfurt-org-vw-tiguan-5x112-7jx18-et-43-vw-seat-skoda-2","status":"publish","type":"product","link":"https:\/\/www.superkolesa.sk\/index.php\/product\/frankfurt-org-vw-tiguan-5x112-7jx18-et-43-vw-seat-skoda-2\/","title":{"rendered":"FRANKFURT  org. VW TIGUAN 5&#215;112  7jx18 ET 43  VW Seat Skoda"},"content":{"rendered":"","protected":false},"excerpt":{"rendered":"<p><b>Cena 999\u20ac<\/b><\/p>\n<p><b>FRANKFURT Org. VW TIGUAN<span class=\"Apple-converted-space\">\u00a0<\/span><\/b><\/p>\n<p><b>5&#215;112 <span class=\"Apple-converted-space\">\u00a0<\/span><\/b><\/p>\n<p><b>7jx18 ET 43<span class=\"Apple-converted-space\">\u00a0 <\/span>VW Seat Skoda<\/b><\/p>\n<p><b>Objedn\u00e1vacie \u010d\u00edslo : 5NA 601 025 AD<\/b><\/p>\n<p><b>235 55 R18 Zimn\u00e9<span class=\"Apple-converted-space\">\u00a0<\/span><\/b><\/p>\n<p><b>Pneu 2x 8 mm 2x6mm<span class=\"Apple-converted-space\">\u00a0 <\/span>Zimn\u00e9<\/b><\/p>\n<p><b>Vhodne pre<span class=\"Apple-converted-space\">\u00a0<\/span><\/b><\/p>\n<p><b>VW Tiguan <span class=\"Apple-converted-space\">\u00a0<\/span><\/b><\/p>\n<p><b>Skoda Kodiaq<span class=\"Apple-converted-space\">\u00a0<\/span><\/b><\/p>\n<p><b>Seat ATECA<span class=\"Apple-converted-space\">\u00a0 <\/span>Tarraco<span class=\"Apple-converted-space\">\u00a0<\/span><\/b><\/p>\n<p><b>AUDI Q2<span class=\"Apple-converted-space\">\u00a0<\/span><\/b><\/p>\n<p>mo\u017enos\u0165 aj posla\u0165 na dobierku- cena dobierky +50\u20ac<\/p>\n<p><b>cena 999<\/b>\u20ac<\/p>\n","protected":false},"featured_media":5094,"comment_status":"open","ping_status":"closed","template":"","meta":[],"product_cat":[62,54,52,53],"product_tag":[],"class_list":{"0":"post-5093","1":"product","2":"type-product","3":"status-publish","4":"has-post-thumbnail","6":"product_cat-62","7":"product_cat-seat","8":"product_cat-skoda","9":"product_cat-vw","11":"first","12":"instock","13":"shipping-taxable","14":"purchasable","15":"product-type-simple"},"_links":{"self":[{"href":"https:\/\/www.superkolesa.sk\/index.php\/wp-json\/wp\/v2\/product\/5093","targetHints":{"allow":["GET"]}}],"collection":[{"href":"https:\/\/www.superkolesa.sk\/index.php\/wp-json\/wp\/v2\/product"}],"about":[{"href":"https:\/\/www.superkolesa.sk\/index.php\/wp-json\/wp\/v2\/types\/product"}],"replies":[{"embeddable":true,"href":"https:\/\/www.superkolesa.sk\/index.php\/wp-json\/wp\/v2\/comments?post=5093"}],"wp:featuredmedia":[{"embeddable":true,"href":"https:\/\/www.superkolesa.sk\/index.php\/wp-json\/wp\/v2\/media\/5094"}],"wp:attachment":[{"href":"https:\/\/www.superkolesa.sk\/index.php\/wp-json\/wp\/v2\/media?parent=5093"}],"wp:term":[{"taxonomy":"product_cat","embeddable":true,"href":"https:\/\/www.superkolesa.sk\/index.php\/wp-json\/wp\/v2\/product_cat?post=5093"},{"taxonomy":"product_tag","embeddable":true,"href":"https:\/\/www.superkolesa.sk\/index.php\/wp-json\/wp\/v2\/product_tag?post=5093"}],"curies":[{"name":"wp","href":"https:\/\/api.w.org\/{rel}","templated":true}]}}