{"id":5113,"date":"2024-10-03T11:54:39","date_gmt":"2024-10-03T09:54:39","guid":{"rendered":"https:\/\/www.superkolesa.sk\/?post_type=product&#038;p=5113"},"modified":"2024-10-03T11:54:40","modified_gmt":"2024-10-03T09:54:40","slug":"bergamo-org-vw-5x112-75x18-et-51-225-40-r18-zimne","status":"publish","type":"product","link":"https:\/\/www.superkolesa.sk\/index.php\/product\/bergamo-org-vw-5x112-75x18-et-51-225-40-r18-zimne\/","title":{"rendered":"BERGAMO  org. VW 5&#215;112  7,5&#215;18 ET 51  225 40 R18 zimn\u00e9"},"content":{"rendered":"","protected":false},"excerpt":{"rendered":"<p>Cena 870\u20ac<\/p>\n<p>BERGAMO<span class=\"Apple-converted-space\">\u00a0 <\/span><b>org. VW<span class=\"Apple-converted-space\">\u00a0<\/span><\/b><\/p>\n<p><b>Rozto\u010d dier 5&#215;112<span class=\"Apple-converted-space\">\u00a0<\/span><\/b><\/p>\n<p><b><span class=\"Apple-converted-space\">\u00a0<\/span>7,5&#215;18 ET 51 <span class=\"Apple-converted-space\">\u00a0<\/span><\/b><\/p>\n<p><b>\u010d.dielu 5H0601025M<span class=\"Apple-converted-space\">\u00a0<\/span><\/b><\/p>\n<p><b>Pneu Pirelli<\/b><\/p>\n<p><b>4x 7mm<span class=\"Apple-converted-space\">\u00a0 <\/span>225 40 R18 Zimn\u00e9<span class=\"Apple-converted-space\">\u00a0<\/span><\/b><\/p>\n<p><b>DOT 0721 <span class=\"Apple-converted-space\">\u00a0<\/span><\/b><\/p>\n<p>vhodn\u00e9 pre<span class=\"Apple-converted-space\">\u00a0<\/span><\/p>\n<p>VW Golf GTI <span class=\"Apple-converted-space\">\u00a0<\/span><\/p>\n<p>Skoda Octavia RS<span class=\"Apple-converted-space\">\u00a0<\/span><\/p>\n<p>TOP STAV !!! Bez po\u0161kodenia<span class=\"Apple-converted-space\">\u00a0<\/span><\/p>\n<p>mo\u017enos\u0165 aj posla\u0165 na dobierku.+ 45\u20ac<span class=\"Apple-converted-space\">\u00a0<\/span><\/p>\n<p><b>POZRI V\u0160ETKY MOJE INZERATY A\u00a0HODNOTENIA V\u00a0PRAVO DOLE<span class=\"Apple-converted-space\">\u00a0<\/span><\/b><\/p>\n<p><b>Alebo daj do vyh\u013eadava\u010da Bazo\u0161u moje tel. \u010d. a\u00a0uk\u00e1\u017ee v\u0161etky moje ponuky.<\/b><\/p>\n<p><b>Cena 870<\/b>\u20ac<\/p>\n","protected":false},"featured_media":5114,"comment_status":"open","ping_status":"closed","template":"","meta":[],"product_cat":[62,54,52,53],"product_tag":[],"class_list":{"0":"post-5113","1":"product","2":"type-product","3":"status-publish","4":"has-post-thumbnail","6":"product_cat-62","7":"product_cat-seat","8":"product_cat-skoda","9":"product_cat-vw","11":"first","12":"instock","13":"shipping-taxable","14":"purchasable","15":"product-type-simple"},"_links":{"self":[{"href":"https:\/\/www.superkolesa.sk\/index.php\/wp-json\/wp\/v2\/product\/5113","targetHints":{"allow":["GET"]}}],"collection":[{"href":"https:\/\/www.superkolesa.sk\/index.php\/wp-json\/wp\/v2\/product"}],"about":[{"href":"https:\/\/www.superkolesa.sk\/index.php\/wp-json\/wp\/v2\/types\/product"}],"replies":[{"embeddable":true,"href":"https:\/\/www.superkolesa.sk\/index.php\/wp-json\/wp\/v2\/comments?post=5113"}],"wp:featuredmedia":[{"embeddable":true,"href":"https:\/\/www.superkolesa.sk\/index.php\/wp-json\/wp\/v2\/media\/5114"}],"wp:attachment":[{"href":"https:\/\/www.superkolesa.sk\/index.php\/wp-json\/wp\/v2\/media?parent=5113"}],"wp:term":[{"taxonomy":"product_cat","embeddable":true,"href":"https:\/\/www.superkolesa.sk\/index.php\/wp-json\/wp\/v2\/product_cat?post=5113"},{"taxonomy":"product_tag","embeddable":true,"href":"https:\/\/www.superkolesa.sk\/index.php\/wp-json\/wp\/v2\/product_tag?post=5113"}],"curies":[{"name":"wp","href":"https:\/\/api.w.org\/{rel}","templated":true}]}}