{"id":5135,"date":"2024-10-14T23:14:12","date_gmt":"2024-10-14T21:14:12","guid":{"rendered":"https:\/\/www.superkolesa.sk\/?post_type=product&#038;p=5135"},"modified":"2024-10-14T23:14:12","modified_gmt":"2024-10-14T21:14:12","slug":"orig-audi-alu-disky-zimne-5x112-65jxr16-et33-audi-vw-2","status":"publish","type":"product","link":"https:\/\/www.superkolesa.sk\/index.php\/product\/orig-audi-alu-disky-zimne-5x112-65jxr16-et33-audi-vw-2\/","title":{"rendered":"Orig.audi Alu Disky zimn\u00e9  5&#215;112 6,5jxR16 ET33\u00a0Audi  VW"},"content":{"rendered":"","protected":false},"excerpt":{"rendered":"<p><b>Cena 350\u20ac\u00a0<\/b><\/p>\n<p><b>Orig.skoda Alu disky 16<span class=\"Apple-converted-space\">\u00a0<\/span><\/b><\/p>\n<p><b>6,5jxR16 ET33\u00a0<\/b><\/p>\n<p>5&#215;112<\/p>\n<p>215 65 R16<\/p>\n<p>2x6mm 2x5mm zimn\u00e9<span class=\"Apple-converted-space\">\u00a0<\/span><\/p>\n<p>Stred diera 57,1mm<br \/>\nVhodn\u00e9 pre<span class=\"Apple-converted-space\">\u00a0<\/span><\/p>\n<p>Audi Q2 Q3<span class=\"Apple-converted-space\">\u00a0<\/span><\/p>\n<p>VW TIGUAN<\/p>\n<p>Seat ATECA<span class=\"Apple-converted-space\">\u00a0<\/span><\/p>\n<p>Mo\u017enos\u0165 posla\u0165 aj na dobierku cena dobierky +50\u20ac<span class=\"Apple-converted-space\">\u00a0<\/span><\/p>\n<p>Cena 350\u20ac<\/p>\n","protected":false},"featured_media":5136,"comment_status":"open","ping_status":"closed","template":"","meta":[],"product_cat":[60,55,54,52,53],"product_tag":[],"class_list":{"0":"post-5135","1":"product","2":"type-product","3":"status-publish","4":"has-post-thumbnail","6":"product_cat-60","7":"product_cat-audi","8":"product_cat-seat","9":"product_cat-skoda","10":"product_cat-vw","12":"first","13":"instock","14":"shipping-taxable","15":"purchasable","16":"product-type-simple"},"_links":{"self":[{"href":"https:\/\/www.superkolesa.sk\/index.php\/wp-json\/wp\/v2\/product\/5135","targetHints":{"allow":["GET"]}}],"collection":[{"href":"https:\/\/www.superkolesa.sk\/index.php\/wp-json\/wp\/v2\/product"}],"about":[{"href":"https:\/\/www.superkolesa.sk\/index.php\/wp-json\/wp\/v2\/types\/product"}],"replies":[{"embeddable":true,"href":"https:\/\/www.superkolesa.sk\/index.php\/wp-json\/wp\/v2\/comments?post=5135"}],"wp:featuredmedia":[{"embeddable":true,"href":"https:\/\/www.superkolesa.sk\/index.php\/wp-json\/wp\/v2\/media\/5136"}],"wp:attachment":[{"href":"https:\/\/www.superkolesa.sk\/index.php\/wp-json\/wp\/v2\/media?parent=5135"}],"wp:term":[{"taxonomy":"product_cat","embeddable":true,"href":"https:\/\/www.superkolesa.sk\/index.php\/wp-json\/wp\/v2\/product_cat?post=5135"},{"taxonomy":"product_tag","embeddable":true,"href":"https:\/\/www.superkolesa.sk\/index.php\/wp-json\/wp\/v2\/product_tag?post=5135"}],"curies":[{"name":"wp","href":"https:\/\/api.w.org\/{rel}","templated":true}]}}