{"id":5145,"date":"2024-10-15T12:52:21","date_gmt":"2024-10-15T10:52:21","guid":{"rendered":"https:\/\/www.superkolesa.sk\/?post_type=product&#038;p=5145"},"modified":"2024-10-15T12:52:21","modified_gmt":"2024-10-15T10:52:21","slug":"skoda-kaman-scala-disky-silber-7jxr16-et46-205-60-r16-zimne","status":"publish","type":"product","link":"https:\/\/www.superkolesa.sk\/index.php\/product\/skoda-kaman-scala-disky-silber-7jxr16-et46-205-60-r16-zimne\/","title":{"rendered":"Skoda Kaman Scala disky silber 7jxR16 ET46 205 60 R16 Zimn\u00e9"},"content":{"rendered":"","protected":false},"excerpt":{"rendered":"<p><b>Cena 520\u20ac 13100K\u010d<\/b><\/p>\n<p>Skoda<span class=\"Apple-converted-space\">\u00a0 <\/span>Kaman Scala original disky 7jxR16 ET46<span class=\"Apple-converted-space\">\u00a0<\/span><\/p>\n<p>Pneu 205 60 R16 Zimn\u00e9<span class=\"Apple-converted-space\">\u00a0<\/span><\/p>\n<p>2x7mm 2x6mm<span class=\"Apple-converted-space\">\u00a0<\/span><\/p>\n<p>5&#215;100<span class=\"Apple-converted-space\">\u00a0<\/span><\/p>\n<p>KAMIQ FABIA ROOMSTER OCTAVIA 1 IBIZA GOLF 4 AUDI A1 VW POLO<span class=\"Apple-converted-space\">\u00a0<\/span><\/p>\n<p>SEAT ARONA<\/p>\n<p>Ak niekto by chcel in\u00fd rozmer treba zavola\u0165 a dohodneme sa prehod\u00edm tam in\u00e9 pneu .<\/p>\n<p>Mo\u017enos\u0165 posla\u0165 aj na dobierku cena kuriera +50\u20ac<span class=\"Apple-converted-space\">\u00a0<\/span><\/p>\n<p>Treba zavola\u0165 a dohodn\u00fa\u0165 sa<\/p>\n<p>Pozri v\u0161etky moje inzer\u00e1ty a hodnotenia v pravo dole<\/p>\n<p>Cena 520\u20ac<span class=\"Apple-converted-space\">\u00a0<\/span><\/p>\n","protected":false},"featured_media":5146,"comment_status":"open","ping_status":"closed","template":"","meta":[],"product_cat":[60,54,52,53],"product_tag":[],"class_list":{"0":"post-5145","1":"product","2":"type-product","3":"status-publish","4":"has-post-thumbnail","6":"product_cat-60","7":"product_cat-seat","8":"product_cat-skoda","9":"product_cat-vw","11":"first","12":"instock","13":"shipping-taxable","14":"purchasable","15":"product-type-simple"},"_links":{"self":[{"href":"https:\/\/www.superkolesa.sk\/index.php\/wp-json\/wp\/v2\/product\/5145","targetHints":{"allow":["GET"]}}],"collection":[{"href":"https:\/\/www.superkolesa.sk\/index.php\/wp-json\/wp\/v2\/product"}],"about":[{"href":"https:\/\/www.superkolesa.sk\/index.php\/wp-json\/wp\/v2\/types\/product"}],"replies":[{"embeddable":true,"href":"https:\/\/www.superkolesa.sk\/index.php\/wp-json\/wp\/v2\/comments?post=5145"}],"wp:featuredmedia":[{"embeddable":true,"href":"https:\/\/www.superkolesa.sk\/index.php\/wp-json\/wp\/v2\/media\/5146"}],"wp:attachment":[{"href":"https:\/\/www.superkolesa.sk\/index.php\/wp-json\/wp\/v2\/media?parent=5145"}],"wp:term":[{"taxonomy":"product_cat","embeddable":true,"href":"https:\/\/www.superkolesa.sk\/index.php\/wp-json\/wp\/v2\/product_cat?post=5145"},{"taxonomy":"product_tag","embeddable":true,"href":"https:\/\/www.superkolesa.sk\/index.php\/wp-json\/wp\/v2\/product_tag?post=5145"}],"curies":[{"name":"wp","href":"https:\/\/api.w.org\/{rel}","templated":true}]}}