{"id":5191,"date":"2024-10-16T23:36:43","date_gmt":"2024-10-16T21:36:43","guid":{"rendered":"https:\/\/www.superkolesa.sk\/?post_type=product&#038;p=5191"},"modified":"2024-10-16T23:36:43","modified_gmt":"2024-10-16T21:36:43","slug":"orig-skoda-alu-disky-5x112-7jx17-et50-225-50-r17-zimne","status":"publish","type":"product","link":"https:\/\/www.superkolesa.sk\/index.php\/product\/orig-skoda-alu-disky-5x112-7jx17-et50-225-50-r17-zimne\/","title":{"rendered":"orig.skoda alu disky 5&#215;112 7jx17  ET50 225 50 R17 Zimn\u00e9"},"content":{"rendered":"","protected":false},"excerpt":{"rendered":"<p>Cena 660\u20ac<\/p>\n<p>orig.<b>skoda alu disky<\/b><\/p>\n<p><b><span class=\"Apple-converted-space\">\u00a0<\/span>5&#215;112<span class=\"Apple-converted-space\">\u00a0<\/span><\/b><\/p>\n<p><b>7jx17<span class=\"Apple-converted-space\">\u00a0 <\/span>ET50<\/b><\/p>\n<p><b>Pneu 225 50 R17 zimn\u00e9<span class=\"Apple-converted-space\">\u00a0<\/span><\/b><\/p>\n<p><b>Pneu 2x8mm NOVE 2x7mm zimn\u00e9 <\/b><br \/>\nVhodn\u00e9<span class=\"Apple-converted-space\">\u00a0<\/span><\/p>\n<p>SKODA Octavia<span class=\"Apple-converted-space\">\u00a0 <\/span>II, Octavia 3 , Scout , Superb, YETI, Karoq<span class=\"Apple-converted-space\">\u00a0<\/span><\/p>\n<p>VW Golf Passat Sharan Touran Sportsvan Golf Plus<span class=\"Apple-converted-space\">\u00a0<\/span><\/p>\n<p>Seat Leon Toledo Altea Ateca<span class=\"Apple-converted-space\">\u00a0<\/span><\/p>\n<p><span class=\"Apple-converted-space\">\u00a0<\/span>Audi A2 A3 A4 Q2, Q3<span class=\"Apple-converted-space\">\u00a0<\/span><\/p>\n<p>Mo\u017enos\u0165 obutia <span class=\"Apple-converted-space\">\u00a0 <\/span>rozn\u00fdch pneu ak potrebujete &#8211; treba vola\u0165 a dohodn\u00fa\u0165 sa .<span class=\"Apple-converted-space\">\u00a0<\/span><\/p>\n<p>Treba vola\u0165 a p\u00fdta\u0165 sa porad\u00edme .<span class=\"Apple-converted-space\">\u00a0<\/span><\/p>\n<p>Mo\u017enos\u0165 posla\u0165 dobierkou + 50\u20ac kuri\u00e9r<span class=\"Apple-converted-space\">\u00a0<\/span><\/p>\n<p>Cena 660\u20ac<span class=\"Apple-converted-space\">\u00a0<\/span><\/p>\n","protected":false},"featured_media":5192,"comment_status":"open","ping_status":"closed","template":"","meta":[],"product_cat":[61,54,52,53],"product_tag":[],"class_list":{"0":"post-5191","1":"product","2":"type-product","3":"status-publish","4":"has-post-thumbnail","6":"product_cat-61","7":"product_cat-seat","8":"product_cat-skoda","9":"product_cat-vw","11":"first","12":"instock","13":"shipping-taxable","14":"purchasable","15":"product-type-simple"},"_links":{"self":[{"href":"https:\/\/www.superkolesa.sk\/index.php\/wp-json\/wp\/v2\/product\/5191","targetHints":{"allow":["GET"]}}],"collection":[{"href":"https:\/\/www.superkolesa.sk\/index.php\/wp-json\/wp\/v2\/product"}],"about":[{"href":"https:\/\/www.superkolesa.sk\/index.php\/wp-json\/wp\/v2\/types\/product"}],"replies":[{"embeddable":true,"href":"https:\/\/www.superkolesa.sk\/index.php\/wp-json\/wp\/v2\/comments?post=5191"}],"wp:featuredmedia":[{"embeddable":true,"href":"https:\/\/www.superkolesa.sk\/index.php\/wp-json\/wp\/v2\/media\/5192"}],"wp:attachment":[{"href":"https:\/\/www.superkolesa.sk\/index.php\/wp-json\/wp\/v2\/media?parent=5191"}],"wp:term":[{"taxonomy":"product_cat","embeddable":true,"href":"https:\/\/www.superkolesa.sk\/index.php\/wp-json\/wp\/v2\/product_cat?post=5191"},{"taxonomy":"product_tag","embeddable":true,"href":"https:\/\/www.superkolesa.sk\/index.php\/wp-json\/wp\/v2\/product_tag?post=5191"}],"curies":[{"name":"wp","href":"https:\/\/api.w.org\/{rel}","templated":true}]}}