{"id":5246,"date":"2024-10-17T00:41:03","date_gmt":"2024-10-16T22:41:03","guid":{"rendered":"https:\/\/www.superkolesa.sk\/?post_type=product&#038;p=5246"},"modified":"2024-10-17T00:41:03","modified_gmt":"2024-10-16T22:41:03","slug":"sepang-orig-vw-alu-disky-5x112-et41-205-60-16-zimne-2","status":"publish","type":"product","link":"https:\/\/www.superkolesa.sk\/index.php\/product\/sepang-orig-vw-alu-disky-5x112-et41-205-60-16-zimne-2\/","title":{"rendered":"SEPANG Orig.VW Alu Disky 5&#215;112 ET41\u00a0205 60 16 zimn\u00e9"},"content":{"rendered":"","protected":false},"excerpt":{"rendered":"<p><b>Cena 490<\/b><\/p>\n<p>SEPANG <b>Orig.VW Alu Disky<span class=\"Apple-converted-space\">\u00a0<\/span><\/b><\/p>\n<p><b>5&#215;112 ET41\u00a0<\/b><\/p>\n<p><b>205 60 16 zimn\u00e9<\/b><\/p>\n<p>Pneu 205 60 R16<span class=\"Apple-converted-space\">\u00a0<\/span><\/p>\n<p>2x 6mm 2x 5mm<span class=\"Apple-converted-space\">\u00a0 <\/span>zimn\u00e9<br \/>\nVhodn\u00e9 pre<span class=\"Apple-converted-space\">\u00a0<\/span><\/p>\n<p>Skoda Octavia YETI SUPERB<span class=\"Apple-converted-space\">\u00a0<\/span><\/p>\n<p>VW Golf Touran Passat Sportswan Golf Plus Sharan<span class=\"Apple-converted-space\">\u00a0<\/span><\/p>\n<p>Seat Leon Toledo Altea Alhambra <span class=\"Apple-converted-space\">\u00a0<\/span><\/p>\n<p>Audi A3 A4<span class=\"Apple-converted-space\">\u00a0<\/span><\/p>\n<p>Mo\u017enos\u0165 posla\u0165 aj na dobierku cena dobierky +45\u20ac<span class=\"Apple-converted-space\">\u00a0<\/span><\/p>\n<p>Cena 490\u20ac<\/p>\n","protected":false},"featured_media":5247,"comment_status":"open","ping_status":"closed","template":"","meta":[],"product_cat":[60,54,52,53],"product_tag":[],"class_list":{"0":"post-5246","1":"product","2":"type-product","3":"status-publish","4":"has-post-thumbnail","6":"product_cat-60","7":"product_cat-seat","8":"product_cat-skoda","9":"product_cat-vw","11":"first","12":"instock","13":"shipping-taxable","14":"purchasable","15":"product-type-simple"},"_links":{"self":[{"href":"https:\/\/www.superkolesa.sk\/index.php\/wp-json\/wp\/v2\/product\/5246","targetHints":{"allow":["GET"]}}],"collection":[{"href":"https:\/\/www.superkolesa.sk\/index.php\/wp-json\/wp\/v2\/product"}],"about":[{"href":"https:\/\/www.superkolesa.sk\/index.php\/wp-json\/wp\/v2\/types\/product"}],"replies":[{"embeddable":true,"href":"https:\/\/www.superkolesa.sk\/index.php\/wp-json\/wp\/v2\/comments?post=5246"}],"wp:featuredmedia":[{"embeddable":true,"href":"https:\/\/www.superkolesa.sk\/index.php\/wp-json\/wp\/v2\/media\/5247"}],"wp:attachment":[{"href":"https:\/\/www.superkolesa.sk\/index.php\/wp-json\/wp\/v2\/media?parent=5246"}],"wp:term":[{"taxonomy":"product_cat","embeddable":true,"href":"https:\/\/www.superkolesa.sk\/index.php\/wp-json\/wp\/v2\/product_cat?post=5246"},{"taxonomy":"product_tag","embeddable":true,"href":"https:\/\/www.superkolesa.sk\/index.php\/wp-json\/wp\/v2\/product_tag?post=5246"}],"curies":[{"name":"wp","href":"https:\/\/api.w.org\/{rel}","templated":true}]}}