{"id":5264,"date":"2024-10-17T00:59:04","date_gmt":"2024-10-16T22:59:04","guid":{"rendered":"https:\/\/www.superkolesa.sk\/?post_type=product&#038;p=5264"},"modified":"2024-10-17T00:59:04","modified_gmt":"2024-10-16T22:59:04","slug":"orig-alu-disky-audi-5x112-8j-x18-et-25-vw-245-45-r18-zimne","status":"publish","type":"product","link":"https:\/\/www.superkolesa.sk\/index.php\/product\/orig-alu-disky-audi-5x112-8j-x18-et-25-vw-245-45-r18-zimne\/","title":{"rendered":"Orig. alu disky. AUDI 5&#215;112 8J x18 ET 25  VW 245 45 R18 zimn\u00e9"},"content":{"rendered":"","protected":false},"excerpt":{"rendered":"<p>Cena 650\u20ac<\/p>\n<p><b>Orig. alu disky. AUDI 5&#215;112 8J x18 ET 25 <span class=\"Apple-converted-space\">\u00a0<\/span><\/b><\/p>\n<p><b>TOP STAV !!! <span class=\"Apple-converted-space\">\u00a0<\/span><\/b><\/p>\n<p>Pneu 245 45 R18 2x8mm<span class=\"Apple-converted-space\">\u00a0 <\/span>2x7mm zimn\u00e9<\/p>\n<p>Stredov\u00e1 diera 66,6mm<span class=\"Apple-converted-space\">\u00a0<\/span><\/p>\n<p>Vhodn\u00e9 pre<span class=\"Apple-converted-space\">\u00a0<\/span><\/p>\n<p>Audi A4 A5 A6 A7<span class=\"Apple-converted-space\">\u00a0<\/span><\/p>\n<p>VW Passat B8 ARTEON<\/p>\n<p>Mercedes E klase S Klase<span class=\"Apple-converted-space\">\u00a0<\/span><\/p>\n<p>BMW 5 rada<span class=\"Apple-converted-space\">\u00a0<\/span><\/p>\n<p>mo\u017enos\u0165 aj posla\u0165 na dobierku. Cena +50\u20ac<span class=\"Apple-converted-space\">\u00a0<\/span><\/p>\n<p><b>POZRI V\u0160ETKY MOJE INZERATY A\u00a0HODNOTENIA V\u00a0PRAVO DOLE<span class=\"Apple-converted-space\">\u00a0<\/span><\/b><\/p>\n<p><b>Alebo daj do vyh\u013eadava\u010da Bazo\u0161u moje tel. \u010d. a\u00a0uk\u00e1\u017ee v\u0161etky moje ponuky.<\/b><\/p>\n<p><b>Cena 650<\/b>\u20ac<\/p>\n","protected":false},"featured_media":5265,"comment_status":"open","ping_status":"closed","template":"","meta":[],"product_cat":[62,55,65,64,54,52,53],"product_tag":[],"class_list":{"0":"post-5264","1":"product","2":"type-product","3":"status-publish","4":"has-post-thumbnail","6":"product_cat-62","7":"product_cat-audi","8":"product_cat-bmw","9":"product_cat-mercedes","10":"product_cat-seat","11":"product_cat-skoda","12":"product_cat-vw","14":"first","15":"instock","16":"shipping-taxable","17":"purchasable","18":"product-type-simple"},"_links":{"self":[{"href":"https:\/\/www.superkolesa.sk\/index.php\/wp-json\/wp\/v2\/product\/5264","targetHints":{"allow":["GET"]}}],"collection":[{"href":"https:\/\/www.superkolesa.sk\/index.php\/wp-json\/wp\/v2\/product"}],"about":[{"href":"https:\/\/www.superkolesa.sk\/index.php\/wp-json\/wp\/v2\/types\/product"}],"replies":[{"embeddable":true,"href":"https:\/\/www.superkolesa.sk\/index.php\/wp-json\/wp\/v2\/comments?post=5264"}],"wp:featuredmedia":[{"embeddable":true,"href":"https:\/\/www.superkolesa.sk\/index.php\/wp-json\/wp\/v2\/media\/5265"}],"wp:attachment":[{"href":"https:\/\/www.superkolesa.sk\/index.php\/wp-json\/wp\/v2\/media?parent=5264"}],"wp:term":[{"taxonomy":"product_cat","embeddable":true,"href":"https:\/\/www.superkolesa.sk\/index.php\/wp-json\/wp\/v2\/product_cat?post=5264"},{"taxonomy":"product_tag","embeddable":true,"href":"https:\/\/www.superkolesa.sk\/index.php\/wp-json\/wp\/v2\/product_tag?post=5264"}],"curies":[{"name":"wp","href":"https:\/\/api.w.org\/{rel}","templated":true}]}}