{"id":5511,"date":"2024-11-03T18:15:31","date_gmt":"2024-11-03T17:15:31","guid":{"rendered":"https:\/\/www.superkolesa.sk\/?post_type=product&#038;p=5511"},"modified":"2024-11-03T18:15:32","modified_gmt":"2024-11-03T17:15:32","slug":"gemini-schwarz-skoda-octavia-rs-3-5x112-75x18-et-51","status":"publish","type":"product","link":"https:\/\/www.superkolesa.sk\/index.php\/product\/gemini-schwarz-skoda-octavia-rs-3-5x112-75x18-et-51\/","title":{"rendered":"GEMINI SCHWARZ skoda Octavia RS 3 5&#215;112  7,5&#215;18 ET 51"},"content":{"rendered":"","protected":false},"excerpt":{"rendered":"<p>Cena 600\u20ac<span class=\"Apple-converted-space\">\u00a0<\/span><\/p>\n<p>Origin\u00e1l GEMINI schwarz skoda Octavia RS 3<span class=\"Apple-converted-space\">\u00a0<\/span><\/p>\n<p>5&#215;112 7,5&#215;18 ET 51 VW Seat<\/p>\n<p>vhodn\u00e9 pre<span class=\"Apple-converted-space\">\u00a0<\/span><\/p>\n<p>Skoda Octavia RS Superb YETI<span class=\"Apple-converted-space\">\u00a0<\/span><\/p>\n<p>Seat Leon Toledo Altea<span class=\"Apple-converted-space\">\u00a0<\/span><\/p>\n<p>VW Golf Passat Touran<span class=\"Apple-converted-space\">\u00a0<\/span><\/p>\n<p>mo\u017enos\u0165 aj posla\u0165 na dobierku.<\/p>\n<p>Cena dobierky + 50\u20ac<span class=\"Apple-converted-space\">\u00a0<\/span><\/p>\n<p>Cena za sadu = 600\u20ac<\/p>\n","protected":false},"featured_media":5512,"comment_status":"open","ping_status":"closed","template":"","meta":[],"product_cat":[62,54,52,53],"product_tag":[],"class_list":{"0":"post-5511","1":"product","2":"type-product","3":"status-publish","4":"has-post-thumbnail","6":"product_cat-62","7":"product_cat-seat","8":"product_cat-skoda","9":"product_cat-vw","11":"first","12":"instock","13":"shipping-taxable","14":"purchasable","15":"product-type-simple"},"_links":{"self":[{"href":"https:\/\/www.superkolesa.sk\/index.php\/wp-json\/wp\/v2\/product\/5511","targetHints":{"allow":["GET"]}}],"collection":[{"href":"https:\/\/www.superkolesa.sk\/index.php\/wp-json\/wp\/v2\/product"}],"about":[{"href":"https:\/\/www.superkolesa.sk\/index.php\/wp-json\/wp\/v2\/types\/product"}],"replies":[{"embeddable":true,"href":"https:\/\/www.superkolesa.sk\/index.php\/wp-json\/wp\/v2\/comments?post=5511"}],"wp:featuredmedia":[{"embeddable":true,"href":"https:\/\/www.superkolesa.sk\/index.php\/wp-json\/wp\/v2\/media\/5512"}],"wp:attachment":[{"href":"https:\/\/www.superkolesa.sk\/index.php\/wp-json\/wp\/v2\/media?parent=5511"}],"wp:term":[{"taxonomy":"product_cat","embeddable":true,"href":"https:\/\/www.superkolesa.sk\/index.php\/wp-json\/wp\/v2\/product_cat?post=5511"},{"taxonomy":"product_tag","embeddable":true,"href":"https:\/\/www.superkolesa.sk\/index.php\/wp-json\/wp\/v2\/product_tag?post=5511"}],"curies":[{"name":"wp","href":"https:\/\/api.w.org\/{rel}","templated":true}]}}