{"id":5519,"date":"2024-11-05T22:25:47","date_gmt":"2024-11-05T21:25:47","guid":{"rendered":"https:\/\/www.superkolesa.sk\/?post_type=product&#038;p=5519"},"modified":"2024-11-05T22:25:48","modified_gmt":"2024-11-05T21:25:48","slug":"original-alu-disky-seat-5x112-8j-x19-et-49-235-50-r19-zimne","status":"publish","type":"product","link":"https:\/\/www.superkolesa.sk\/index.php\/product\/original-alu-disky-seat-5x112-8j-x19-et-49-235-50-r19-zimne\/","title":{"rendered":"Original Alu disky SEAT    5&#215;112  8j x19   ET 49 235 50 R19 Zimn\u00e9"},"content":{"rendered":"","protected":false},"excerpt":{"rendered":"<p>CENA. 900\u20ac<\/p>\n<p>Pred\u00e1m<b><span class=\"Apple-converted-space\">\u00a0 <\/span>original<span class=\"Apple-converted-space\">\u00a0 <\/span>Alu disky<span class=\"Apple-converted-space\">\u00a0 <\/span>5&#215;112<span class=\"Apple-converted-space\">\u00a0 <\/span>8j x19 <span class=\"Apple-converted-space\">\u00a0 <\/span>ET 49<span class=\"Apple-converted-space\">\u00a0 <\/span>SEAT <span class=\"Apple-converted-space\">\u00a0<\/span><\/b><\/p>\n<p>Podobne ako Sirius Phoenix Trinity VEGA<\/p>\n<p>5&#215;112 8j xR19 ET 49 VW SEAT<span class=\"Apple-converted-space\">\u00a0<\/span><\/p>\n<p>Pneu 4x7mm Zimn\u00e9<\/p>\n<p>235 50 R19<span class=\"Apple-converted-space\">\u00a0<\/span><\/p>\n<p>Vhodne pre SEAT<span class=\"Apple-converted-space\">\u00a0 <\/span>TERRACO<\/p>\n<p>SKODA S KODIAQ<span class=\"Apple-converted-space\">\u00a0<\/span><\/p>\n<p>VW Tiguan<span class=\"Apple-converted-space\">\u00a0<\/span><\/p>\n<p>Mo\u017enos\u0165 aj posla\u0165 na dobierku-cena kuriera +50\u20ac<span class=\"Apple-converted-space\">\u00a0<\/span><\/p>\n<p>CENA. 900\u20ac<\/p>\n","protected":false},"featured_media":5520,"comment_status":"open","ping_status":"closed","template":"","meta":[],"product_cat":[63,54,52,53],"product_tag":[],"class_list":{"0":"post-5519","1":"product","2":"type-product","3":"status-publish","4":"has-post-thumbnail","6":"product_cat-63","7":"product_cat-seat","8":"product_cat-skoda","9":"product_cat-vw","11":"first","12":"instock","13":"shipping-taxable","14":"purchasable","15":"product-type-simple"},"_links":{"self":[{"href":"https:\/\/www.superkolesa.sk\/index.php\/wp-json\/wp\/v2\/product\/5519","targetHints":{"allow":["GET"]}}],"collection":[{"href":"https:\/\/www.superkolesa.sk\/index.php\/wp-json\/wp\/v2\/product"}],"about":[{"href":"https:\/\/www.superkolesa.sk\/index.php\/wp-json\/wp\/v2\/types\/product"}],"replies":[{"embeddable":true,"href":"https:\/\/www.superkolesa.sk\/index.php\/wp-json\/wp\/v2\/comments?post=5519"}],"wp:featuredmedia":[{"embeddable":true,"href":"https:\/\/www.superkolesa.sk\/index.php\/wp-json\/wp\/v2\/media\/5520"}],"wp:attachment":[{"href":"https:\/\/www.superkolesa.sk\/index.php\/wp-json\/wp\/v2\/media?parent=5519"}],"wp:term":[{"taxonomy":"product_cat","embeddable":true,"href":"https:\/\/www.superkolesa.sk\/index.php\/wp-json\/wp\/v2\/product_cat?post=5519"},{"taxonomy":"product_tag","embeddable":true,"href":"https:\/\/www.superkolesa.sk\/index.php\/wp-json\/wp\/v2\/product_tag?post=5519"}],"curies":[{"name":"wp","href":"https:\/\/api.w.org\/{rel}","templated":true}]}}