{"id":5540,"date":"2024-11-05T22:51:16","date_gmt":"2024-11-05T21:51:16","guid":{"rendered":"https:\/\/www.superkolesa.sk\/?post_type=product&#038;p=5540"},"modified":"2024-11-05T22:51:16","modified_gmt":"2024-11-05T21:51:16","slug":"orig-skoda-alu-disky-5x112-205-55-r17-zimne","status":"publish","type":"product","link":"https:\/\/www.superkolesa.sk\/index.php\/product\/orig-skoda-alu-disky-5x112-205-55-r17-zimne\/","title":{"rendered":"Orig.skoda alu disky 5&#215;112 205 55 R17 Zimn\u00e9"},"content":{"rendered":"","protected":false},"excerpt":{"rendered":"<p>Cena 730\u20ac<\/p>\n<p>Orig.<b>skoda alu disky<\/b><\/p>\n<p><b><span class=\"Apple-converted-space\">\u00a0<\/span>5&#215;112<span class=\"Apple-converted-space\">\u00a0<\/span><\/b><\/p>\n<p><b>205 55 R17 Zimn\u00e9<\/b><\/p>\n<p><span class=\"Apple-converted-space\">\u00a0<\/span>2x7mm 2x6mm <span class=\"Apple-converted-space\">\u00a0<\/span><\/p>\n<p>7Jx17 ET46<br \/>\nVhodn\u00e9 Octavia II,<\/p>\n<p>Octavia 3<span class=\"Apple-converted-space\">\u00a0<\/span><\/p>\n<p>Octavia 4<span class=\"Apple-converted-space\">\u00a0<\/span><\/p>\n<p>Superb,VW, Seat Audi<\/p>\n<p>Mo\u017enos\u0165 prehodenia za in\u00e9 pneu ak potrebujete<span class=\"Apple-converted-space\">\u00a0<\/span><\/p>\n<p>Treba vola\u0165 a p\u00fdta\u0165 sa porad\u00edme .<span class=\"Apple-converted-space\">\u00a0<\/span><\/p>\n<p>Mo\u017enos\u0165 posla\u0165 dobierkou + 50\u20ac kuri\u00e9r<span class=\"Apple-converted-space\">\u00a0<\/span><\/p>\n<p>Cena 730\u20ac<span class=\"Apple-converted-space\">\u00a0<\/span><\/p>\n","protected":false},"featured_media":5541,"comment_status":"open","ping_status":"closed","template":"","meta":[],"product_cat":[61,54,52,53],"product_tag":[],"class_list":{"0":"post-5540","1":"product","2":"type-product","3":"status-publish","4":"has-post-thumbnail","6":"product_cat-61","7":"product_cat-seat","8":"product_cat-skoda","9":"product_cat-vw","11":"first","12":"instock","13":"shipping-taxable","14":"purchasable","15":"product-type-simple"},"_links":{"self":[{"href":"https:\/\/www.superkolesa.sk\/index.php\/wp-json\/wp\/v2\/product\/5540","targetHints":{"allow":["GET"]}}],"collection":[{"href":"https:\/\/www.superkolesa.sk\/index.php\/wp-json\/wp\/v2\/product"}],"about":[{"href":"https:\/\/www.superkolesa.sk\/index.php\/wp-json\/wp\/v2\/types\/product"}],"replies":[{"embeddable":true,"href":"https:\/\/www.superkolesa.sk\/index.php\/wp-json\/wp\/v2\/comments?post=5540"}],"wp:featuredmedia":[{"embeddable":true,"href":"https:\/\/www.superkolesa.sk\/index.php\/wp-json\/wp\/v2\/media\/5541"}],"wp:attachment":[{"href":"https:\/\/www.superkolesa.sk\/index.php\/wp-json\/wp\/v2\/media?parent=5540"}],"wp:term":[{"taxonomy":"product_cat","embeddable":true,"href":"https:\/\/www.superkolesa.sk\/index.php\/wp-json\/wp\/v2\/product_cat?post=5540"},{"taxonomy":"product_tag","embeddable":true,"href":"https:\/\/www.superkolesa.sk\/index.php\/wp-json\/wp\/v2\/product_tag?post=5540"}],"curies":[{"name":"wp","href":"https:\/\/api.w.org\/{rel}","templated":true}]}}