{"id":5672,"date":"2024-11-16T13:23:53","date_gmt":"2024-11-16T12:23:53","guid":{"rendered":"https:\/\/www.superkolesa.sk\/?post_type=product&#038;p=5672"},"modified":"2026-02-11T23:32:48","modified_gmt":"2026-02-11T22:32:48","slug":"org-vw-interlagos-5x112-8x18-et-41-passat-skoda-235-40-r18-zimne","status":"publish","type":"product","link":"https:\/\/www.superkolesa.sk\/index.php\/product\/org-vw-interlagos-5x112-8x18-et-41-passat-skoda-235-40-r18-zimne\/","title":{"rendered":"org. VW INTERLAGOS   5&#215;112  8&#215;18 ET 41 Passat Skoda 235 40 R18 Zimn\u00e9"},"content":{"rendered":"","protected":false},"excerpt":{"rendered":"<p>Cena 899\u20ac<\/p>\n<p><b>VW INTERLAGOS<span class=\"Apple-converted-space\">\u00a0 \u00a0 <\/span>TURBINE<span class=\"Apple-converted-space\">\u00a0<\/span><\/b><\/p>\n<p><b>5&#215;112 <span class=\"Apple-converted-space\">\u00a0<\/span><\/b><\/p>\n<p><b>8&#215;18 ET 41<span class=\"Apple-converted-space\">\u00a0<\/span><\/b><\/p>\n<p><b>Passat<span class=\"Apple-converted-space\">\u00a0<\/span><\/b><\/p>\n<p><b><span class=\"Apple-converted-space\">\u00a0<\/span>Seat<span class=\"Apple-converted-space\">\u00a0<\/span><\/b><\/p>\n<p><b>Skoda Superb<span class=\"Apple-converted-space\">\u00a0<\/span><\/b><\/p>\n<p><b>Pneu <span class=\"Apple-converted-space\">\u00a0<\/span><\/b><\/p>\n<p><b>4x NOV\u00c9 8mm 235 40 R18 Zimn\u00e9 <span class=\"Apple-converted-space\">\u00a0<\/span><\/b><\/p>\n<p><b><span class=\"Apple-converted-space\">\u00a0<\/span><\/b>mo\u017enos\u0165 aj posla\u0165 na dobierku kur\u00e9rom cena +50\u20ac<span class=\"Apple-converted-space\">\u00a0<\/span><\/p>\n<p><b>Cena 899\u20ac<span class=\"Apple-converted-space\">\u00a0<\/span><\/b><\/p>\n","protected":false},"featured_media":5673,"comment_status":"open","ping_status":"closed","template":"","meta":[],"product_cat":[62,54,52,53],"product_tag":[],"class_list":{"0":"post-5672","1":"product","2":"type-product","3":"status-publish","4":"has-post-thumbnail","6":"product_cat-62","7":"product_cat-seat","8":"product_cat-skoda","9":"product_cat-vw","11":"first","12":"instock","13":"shipping-taxable","14":"purchasable","15":"product-type-simple"},"_links":{"self":[{"href":"https:\/\/www.superkolesa.sk\/index.php\/wp-json\/wp\/v2\/product\/5672","targetHints":{"allow":["GET"]}}],"collection":[{"href":"https:\/\/www.superkolesa.sk\/index.php\/wp-json\/wp\/v2\/product"}],"about":[{"href":"https:\/\/www.superkolesa.sk\/index.php\/wp-json\/wp\/v2\/types\/product"}],"replies":[{"embeddable":true,"href":"https:\/\/www.superkolesa.sk\/index.php\/wp-json\/wp\/v2\/comments?post=5672"}],"wp:featuredmedia":[{"embeddable":true,"href":"https:\/\/www.superkolesa.sk\/index.php\/wp-json\/wp\/v2\/media\/5673"}],"wp:attachment":[{"href":"https:\/\/www.superkolesa.sk\/index.php\/wp-json\/wp\/v2\/media?parent=5672"}],"wp:term":[{"taxonomy":"product_cat","embeddable":true,"href":"https:\/\/www.superkolesa.sk\/index.php\/wp-json\/wp\/v2\/product_cat?post=5672"},{"taxonomy":"product_tag","embeddable":true,"href":"https:\/\/www.superkolesa.sk\/index.php\/wp-json\/wp\/v2\/product_tag?post=5672"}],"curies":[{"name":"wp","href":"https:\/\/api.w.org\/{rel}","templated":true}]}}