{"id":5718,"date":"2025-03-23T11:14:16","date_gmt":"2025-03-23T10:14:16","guid":{"rendered":"https:\/\/www.superkolesa.sk\/?post_type=product&#038;p=5718"},"modified":"2025-06-27T23:45:05","modified_gmt":"2025-06-27T21:45:05","slug":"org-vw-interlagos-5x112-8x18-et-41-passat-skoda-235-45-r18-letne","status":"publish","type":"product","link":"https:\/\/www.superkolesa.sk\/index.php\/product\/org-vw-interlagos-5x112-8x18-et-41-passat-skoda-235-45-r18-letne\/","title":{"rendered":"org. VW INTERLAGOS   5&#215;112  8&#215;18 ET 41 Passat Skoda 235 45 R18 Letn\u00e9"},"content":{"rendered":"<p class=\"p1\">Cena 890\u20ac<\/p>\n<p class=\"p1\"><b>VW INTERLAGOS<span class=\"Apple-converted-space\">\u00a0 \u00a0 <\/span>TURBINE<span class=\"Apple-converted-space\">\u00a0<\/span><\/b><\/p>\n<p class=\"p1\"><b>5&#215;112 <span class=\"Apple-converted-space\">\u00a0<\/span><\/b><\/p>\n<p class=\"p1\"><b>8&#215;18 ET 41<span class=\"Apple-converted-space\">\u00a0<\/span><\/b><\/p>\n<p class=\"p1\"><b>\u010cislo dielu: 3C8601025<\/b><\/p>\n<p class=\"p1\"><b>Passat B8 TIGUAN<span class=\"Apple-converted-space\">\u00a0<\/span><\/b><\/p>\n<p class=\"p1\"><b>Seat TARRACO ATECA<span class=\"Apple-converted-space\">\u00a0<\/span><\/b><\/p>\n<p class=\"p1\"><b>Skoda Superb KODIAQ KAROQ<span class=\"Apple-converted-space\">\u00a0<\/span><\/b><\/p>\n<p class=\"p1\"><b>Pneu <span class=\"Apple-converted-space\">\u00a0<\/span><\/b><\/p>\n<p class=\"p1\"><b>4x 7-6mm 235 45 R18 Letn\u00e9 <span class=\"Apple-converted-space\">\u00a0<\/span><\/b><\/p>\n<p class=\"p1\"><b><span class=\"Apple-converted-space\">\u00a0<\/span><\/b>mo\u017enos\u0165 aj posla\u0165 na dobierku kur\u00e9rom cena +50\u20ac<span class=\"Apple-converted-space\">\u00a0<\/span><\/p>\n<p class=\"p2\"><b>Cena 890\u20ac<span class=\"Apple-converted-space\">\u00a0<\/span><\/b><\/p>\n","protected":false},"excerpt":{"rendered":"<p>Cena 890\u20ac VW INTERLAGOS\u00a0 \u00a0 TURBINE\u00a0 5&#215;112 \u00a0 8&#215;18 ET 41\u00a0 \u010cislo dielu: 3C8601025 Passat B8 TIGUAN\u00a0 Seat TARRACO ATECA\u00a0 Skoda Superb KODIAQ KAROQ\u00a0 Pneu \u00a0 4x 7-6mm 235 45 R18 Letn\u00e9 \u00a0 \u00a0mo\u017enos\u0165 aj posla\u0165 na dobierku kur\u00e9rom cena +50\u20ac\u00a0 Cena 890\u20ac\u00a0<\/p>\n","protected":false},"featured_media":5719,"comment_status":"open","ping_status":"closed","template":"","meta":[],"product_cat":[62,55,54,52,53],"product_tag":[],"class_list":{"0":"post-5718","1":"product","2":"type-product","3":"status-publish","4":"has-post-thumbnail","6":"product_cat-62","7":"product_cat-audi","8":"product_cat-seat","9":"product_cat-skoda","10":"product_cat-vw","12":"first","13":"instock","14":"shipping-taxable","15":"product-type-simple"},"_links":{"self":[{"href":"https:\/\/www.superkolesa.sk\/index.php\/wp-json\/wp\/v2\/product\/5718","targetHints":{"allow":["GET"]}}],"collection":[{"href":"https:\/\/www.superkolesa.sk\/index.php\/wp-json\/wp\/v2\/product"}],"about":[{"href":"https:\/\/www.superkolesa.sk\/index.php\/wp-json\/wp\/v2\/types\/product"}],"replies":[{"embeddable":true,"href":"https:\/\/www.superkolesa.sk\/index.php\/wp-json\/wp\/v2\/comments?post=5718"}],"wp:featuredmedia":[{"embeddable":true,"href":"https:\/\/www.superkolesa.sk\/index.php\/wp-json\/wp\/v2\/media\/5719"}],"wp:attachment":[{"href":"https:\/\/www.superkolesa.sk\/index.php\/wp-json\/wp\/v2\/media?parent=5718"}],"wp:term":[{"taxonomy":"product_cat","embeddable":true,"href":"https:\/\/www.superkolesa.sk\/index.php\/wp-json\/wp\/v2\/product_cat?post=5718"},{"taxonomy":"product_tag","embeddable":true,"href":"https:\/\/www.superkolesa.sk\/index.php\/wp-json\/wp\/v2\/product_tag?post=5718"}],"curies":[{"name":"wp","href":"https:\/\/api.w.org\/{rel}","templated":true}]}}