{"id":5752,"date":"2025-12-14T17:34:09","date_gmt":"2025-12-14T16:34:09","guid":{"rendered":"https:\/\/www.superkolesa.sk\/?post_type=product&#038;p=5752"},"modified":"2026-02-11T23:33:04","modified_gmt":"2026-02-11T22:33:04","slug":"vega2-orig-skoda-kodiaq-5x112-9jxr20-et-42-vw-235-45-r20","status":"publish","type":"product","link":"https:\/\/www.superkolesa.sk\/index.php\/product\/vega2-orig-skoda-kodiaq-5x112-9jxr20-et-42-vw-235-45-r20\/","title":{"rendered":"VEGA2 orig.skoda Kodiaq 5&#215;112 9jxR20 ET 42 VW 235 45 R20"},"content":{"rendered":"","protected":false},"excerpt":{"rendered":"<p><b><span class=\"Apple-converted-space\">\u00a0<\/span>cena 1390\u20ac 33500K\u010d<\/b><\/p>\n<p><b>VEGA2<span class=\"Apple-converted-space\">\u00a0 <\/span>orig.skoda Kodiaq <span class=\"Apple-converted-space\">\u00a0<\/span><\/b><\/p>\n<p><b>\u010cislo dielu: 5LA601025 VEGA Skoda Kodiaq TIGUAN TARRACO<span class=\"Apple-converted-space\">\u00a0<\/span><\/b><\/p>\n<p><b>5&#215;112 <span class=\"Apple-converted-space\">\u00a0<\/span><\/b><\/p>\n<p><b>9j x R20<span class=\"Apple-converted-space\">\u00a0 <\/span>ET 42<span class=\"Apple-converted-space\">\u00a0<\/span><\/b><\/p>\n<p><b>Pneu 235 45 R20<\/b><\/p>\n<p><b>4x 6mm Letn\u00e9<\/b><\/p>\n<p><b>Alebo<span class=\"Apple-converted-space\">\u00a0<\/span><\/b><\/p>\n<p><b>M\u00f4\u017eu sa tam nahodi\u0165 aj pneu<span class=\"Apple-converted-space\">\u00a0<\/span><\/b><\/p>\n<p><b>235 45 R20 Zimn\u00e9<span class=\"Apple-converted-space\">\u00a0<\/span><\/b><\/p>\n<p><b>Stredov\u00e1 diera 57,1mm<span class=\"Apple-converted-space\">\u00a0<\/span><\/b><\/p>\n<p><b>vhodn\u00e9 pre Skoda, TARRACO AUDI Q3<\/b><\/p>\n<p><b>SUPERB PASSAT Kodiaq<span class=\"Apple-converted-space\">\u00a0<\/span><\/b><\/p>\n<p><b>SPORTLINE<span class=\"Apple-converted-space\">\u00a0<\/span><\/b><\/p>\n<p><b>mo\u017enos\u0165 aj posla\u0165 na dobierku.cena za kuriera +60\u20ac<span class=\"Apple-converted-space\">\u00a0<\/span><\/b><\/p>\n<p><b>POZRI V\u0160ETKY MOJE INZERATY A HODNOTENIA V PRAVO DOLE<\/b><\/p>\n<p><b>Alebo daj do vyh\u013eadava\u010da Bazo\u0161u moje tel. \u010d. a uk\u00e1\u017ee v\u0161etky moje ponuky.<\/b><\/p>\n<p><b>cena 1390\u20ac<span class=\"Apple-converted-space\">\u00a0 <\/span>33500K\u010d<\/b><\/p>\n","protected":false},"featured_media":5754,"comment_status":"open","ping_status":"closed","template":"","meta":[],"product_cat":[68,54,52,53],"product_tag":[],"class_list":{"0":"post-5752","1":"product","2":"type-product","3":"status-publish","4":"has-post-thumbnail","6":"product_cat-68","7":"product_cat-seat","8":"product_cat-skoda","9":"product_cat-vw","11":"first","12":"instock","13":"shipping-taxable","14":"product-type-simple"},"_links":{"self":[{"href":"https:\/\/www.superkolesa.sk\/index.php\/wp-json\/wp\/v2\/product\/5752","targetHints":{"allow":["GET"]}}],"collection":[{"href":"https:\/\/www.superkolesa.sk\/index.php\/wp-json\/wp\/v2\/product"}],"about":[{"href":"https:\/\/www.superkolesa.sk\/index.php\/wp-json\/wp\/v2\/types\/product"}],"replies":[{"embeddable":true,"href":"https:\/\/www.superkolesa.sk\/index.php\/wp-json\/wp\/v2\/comments?post=5752"}],"wp:featuredmedia":[{"embeddable":true,"href":"https:\/\/www.superkolesa.sk\/index.php\/wp-json\/wp\/v2\/media\/5754"}],"wp:attachment":[{"href":"https:\/\/www.superkolesa.sk\/index.php\/wp-json\/wp\/v2\/media?parent=5752"}],"wp:term":[{"taxonomy":"product_cat","embeddable":true,"href":"https:\/\/www.superkolesa.sk\/index.php\/wp-json\/wp\/v2\/product_cat?post=5752"},{"taxonomy":"product_tag","embeddable":true,"href":"https:\/\/www.superkolesa.sk\/index.php\/wp-json\/wp\/v2\/product_tag?post=5752"}],"curies":[{"name":"wp","href":"https:\/\/api.w.org\/{rel}","templated":true}]}}