{"id":5766,"date":"2025-12-14T17:50:48","date_gmt":"2025-12-14T16:50:48","guid":{"rendered":"https:\/\/www.superkolesa.sk\/?post_type=product&#038;p=5766"},"modified":"2025-12-14T17:50:48","modified_gmt":"2025-12-14T16:50:48","slug":"seat-tarraco-orig-alu-disky-5x112-85j-x-r20-et-38","status":"publish","type":"product","link":"https:\/\/www.superkolesa.sk\/index.php\/product\/seat-tarraco-orig-alu-disky-5x112-85j-x-r20-et-38\/","title":{"rendered":"SEAT TARRACO orig.Alu disky 5&#215;112  8,5j x R20 ET 38"},"content":{"rendered":"","protected":false},"excerpt":{"rendered":"<p><b>Cena 960\u20ac\u00a023100K\u010d<\/b><\/p>\n<p><b>EXTREME<span class=\"Apple-converted-space\">\u00a0 <\/span>orig.skoda Kodiaq <span class=\"Apple-converted-space\">\u00a0<\/span><\/b><\/p>\n<p><b>5&#215;112 <span class=\"Apple-converted-space\">\u00a0<\/span><\/b><\/p>\n<p><b>8,5j x R20 ET 38<span class=\"Apple-converted-space\">\u00a0<\/span><\/b><\/p>\n<p><b>Stredov\u00e1 diera 57,1mm<span class=\"Apple-converted-space\">\u00a0<\/span><\/b><\/p>\n<p><b>\u010c\u00edslo dielu: 5FJ601025<span class=\"Apple-converted-space\">\u00a0<\/span><\/b><\/p>\n<p><b>Mo\u017enos\u0165 obu\u0165 pneu po dohode<span class=\"Apple-converted-space\">\u00a0<\/span><\/b><\/p>\n<p><b>235 45 R20 Zimn\u00e9 Letn\u00e9<span class=\"Apple-converted-space\">\u00a0<\/span><\/b><\/p>\n<p><b>vhodn\u00e9 pre<span class=\"Apple-converted-space\">\u00a0<\/span><\/b><\/p>\n<p><b>Skoda KODIAQ <span class=\"Apple-converted-space\">\u00a0<\/span><\/b><\/p>\n<p><b>SEAT TARRACO<span class=\"Apple-converted-space\">\u00a0<\/span><\/b><\/p>\n<p><b>AUDI Q3<\/b><\/p>\n<p><b>SUPERB PASSAT<\/b><\/p>\n<p><b>SPORTLINE<span class=\"Apple-converted-space\">\u00a0<\/span><\/b><\/p>\n<p><b>VW Tiguan<span class=\"Apple-converted-space\">\u00a0<\/span><\/b><\/p>\n<p><b>mo\u017enos\u0165 aj posla\u0165 na dobierku.cena za kuriera +50\u20ac<span class=\"Apple-converted-space\">\u00a0<\/span><\/b><\/p>\n<p><b>Cena 960\u20ac\u00a0<\/b><\/p>\n","protected":false},"featured_media":5768,"comment_status":"open","ping_status":"closed","template":"","meta":[],"product_cat":[68,54,52,53],"product_tag":[],"class_list":{"0":"post-5766","1":"product","2":"type-product","3":"status-publish","4":"has-post-thumbnail","6":"product_cat-68","7":"product_cat-seat","8":"product_cat-skoda","9":"product_cat-vw","11":"first","12":"instock","13":"shipping-taxable","14":"product-type-simple"},"_links":{"self":[{"href":"https:\/\/www.superkolesa.sk\/index.php\/wp-json\/wp\/v2\/product\/5766","targetHints":{"allow":["GET"]}}],"collection":[{"href":"https:\/\/www.superkolesa.sk\/index.php\/wp-json\/wp\/v2\/product"}],"about":[{"href":"https:\/\/www.superkolesa.sk\/index.php\/wp-json\/wp\/v2\/types\/product"}],"replies":[{"embeddable":true,"href":"https:\/\/www.superkolesa.sk\/index.php\/wp-json\/wp\/v2\/comments?post=5766"}],"wp:featuredmedia":[{"embeddable":true,"href":"https:\/\/www.superkolesa.sk\/index.php\/wp-json\/wp\/v2\/media\/5768"}],"wp:attachment":[{"href":"https:\/\/www.superkolesa.sk\/index.php\/wp-json\/wp\/v2\/media?parent=5766"}],"wp:term":[{"taxonomy":"product_cat","embeddable":true,"href":"https:\/\/www.superkolesa.sk\/index.php\/wp-json\/wp\/v2\/product_cat?post=5766"},{"taxonomy":"product_tag","embeddable":true,"href":"https:\/\/www.superkolesa.sk\/index.php\/wp-json\/wp\/v2\/product_tag?post=5766"}],"curies":[{"name":"wp","href":"https:\/\/api.w.org\/{rel}","templated":true}]}}